{"id":10362,"date":"2024-03-29T08:52:16","date_gmt":"2024-03-29T15:52:16","guid":{"rendered":"https:\/\/www.americancleanrooms.com\/?page_id=10362"},"modified":"2026-03-19T14:11:04","modified_gmt":"2026-03-19T21:11:04","slug":"high-bay-cleanrooms","status":"publish","type":"page","link":"https:\/\/www.americancleanrooms.com\/es\/high-bay-cleanrooms\/","title":{"rendered":"Cuartos limpios de bah\u00eda alta"},"content":{"rendered":"<div id=\"_rich_text-2-10362\" class=\"oxy-rich-text c-margin-bottom-s\">\n<p>American Cleanroom Systems\u00ae es su proveedor experto en dise\u00f1o y construcci\u00f3n de cuartos limpios de bah\u00eda alta. Nuestra larga experiencia en la construcci\u00f3n de cuartos limpios altos para la NASA, JPL, Lockheed Martin, la Marina de los EE.UU. y otras organizaciones aeroespaciales nos da la pericia y experiencia para construir su proyecto de cuarto limpio.<\/p>\n<ul>\n<li>Techos interiores de hasta 20 ft de altura<\/li>\n<li>Puertas enrollables motorizadas de gran tama\u00f1o y 15 ft de altura<\/li>\n<li>Cuartos limpios ISO-5 a ISO-8, clase 100 a clase 100k<\/li>\n<li>Cuarto limpio de recirculaci\u00f3n o de un solo paso<\/li>\n<li>Aire acondicionado y control de la humedad<\/li>\n<li>Ventanas de cuarto limpio desde el suelo hasta el techo<\/li>\n<li>Plataformas para equipos HVAC y otros equipos de cuarto limpio<\/li>\n<li>Dise\u00f1os de paredes modulares, blandas o h\u00edbridas<\/li>\n<li>Aberturas de techo removibles<\/li>\n<\/ul>\n<\/div>\n<h2 id=\"headline-3-10362\" class=\"ct-headline c-margin-bottom-s c-h2\">Proyectos recientes de cuartos limpios de bah\u00eda alta de American Cleanroom Systems<\/h2>\n<div id=\"div_block-5-10362\" class=\"ct-div-block c-columns-2 c-columns-gap-m c-columns-m-1\">\n<div id=\"div_block-6-10362\" class=\"ct-div-block\">\n<div id=\"_rich_text-10-10362\" class=\"oxy-rich-text c-margin-bottom-s\">\n<p>940 ft\u00b2 Cuarto limpio aeroespacial<\/p>\n<ul>\n<li>Techo interno del cuarto limpio de 20 ft<\/li>\n<li>ISO-8<\/li>\n<li>Ventanas desde el suelo hasta el techo<\/li>\n<li>Refrigeraci\u00f3n de confort<\/li>\n<li>Puerta enrollable motorizada de 12x15 ft<\/li>\n<\/ul>\n<p>Cuarto limpio de envasado qu\u00edmico de 500 ft\u00b2<\/p>\n<ul>\n<li>Techo interno del cuarto limpio de 15 ft<\/li>\n<li>ISO-7<\/li>\n<li>Ventanas desde el suelo hasta el techo<\/li>\n<li>Refrigeraci\u00f3n de confort<\/li>\n<li>Piso elevado para cuartos limpios<\/li>\n<li>Puertas enrollables motorizadas con interbloqueo<\/li>\n<\/ul>\n<p>Cuarto limpio industrial de 1536 ft\u00b2<\/p>\n<ul>\n<li>14 ft de altura<\/li>\n<li>ISO-8<\/li>\n<li>Ventanas desde el suelo hasta el techo<\/li>\n<li>Puerta enrollable motorizada de 15x10 ft<\/li>\n<\/ul>\n<\/div>\n<\/div>\n<div id=\"div_block-7-10362\" class=\"ct-div-block\">\n<div id=\"_rich_text-12-10362\" class=\"oxy-rich-text c-margin-bottom-s\">\n<p>800 ft\u00b2 Laboratorio Nacional<\/p>\n<ul>\n<li>Techo interno del cuarto limpio de 18 ft<\/li>\n<li>ISO-7<\/li>\n<li>\u00a0Filtraci\u00f3n HEPA montada en la pared<\/li>\n<li>T\u00fanel de flujo laminar<\/li>\n<\/ul>\n<p>Cuarto limpio de paredes blandas de 340 ft\u00b2<\/p>\n<ul>\n<li>Techo interno de 17 ft<\/li>\n<li>Muros de cortinas de tiras de vinilo transparente<\/li>\n<li>Techo desmontable<\/li>\n<li>National Oceanic and Atmospheric Agency NOAOA<\/li>\n<\/ul>\n<\/div>\n<\/div>\n<\/div>","protected":false},"excerpt":{"rendered":"<p>American Cleanroom Systems\u00ae is your expert design-build source for high bay cleanrooms. Our long experience building tall cleanrooms for NASA, JPL, Lockheed Martin, the US Navy and other aerospace organizations give us the expertise and experience to build your cleanroom project. Internal ceilings up to 20\u2019 high Super-sized 15\u2019 high motorized roll up doors ISO-5 [&hellip;]<\/p>\n","protected":false},"author":3,"featured_media":0,"parent":0,"menu_order":16,"comment_status":"closed","ping_status":"closed","template":"","meta":{"footnotes":""},"categories":[51],"cleanroom-knowledge-center":[],"class_list":["post-10362","page","type-page","status-publish","hentry","category-cleanrooms-sidebar"],"yoast_head":"<!-- This site is optimized with the Yoast SEO Premium plugin v27.3 (Yoast SEO v27.3) - https:\/\/yoast.com\/product\/yoast-seo-premium-wordpress\/ -->\n<title>High Bay Cleanrooms | American Cleanroom Systems<\/title>\n<meta name=\"robots\" content=\"index, follow, max-snippet:-1, max-image-preview:large, max-video-preview:-1\" \/>\n<link rel=\"canonical\" href=\"https:\/\/www.americancleanrooms.com\/es\/high-bay-cleanrooms\/\" \/>\n<meta property=\"og:locale\" content=\"es_MX\" \/>\n<meta property=\"og:type\" content=\"article\" \/>\n<meta property=\"og:title\" content=\"High Bay Cleanrooms\" \/>\n<meta property=\"og:description\" content=\"American Cleanroom Systems\u00ae is your expert design-build source for high bay cleanrooms. Our long experience building tall cleanrooms for NASA, JPL, Lockheed Martin, the US Navy and other aerospace organizations give us the expertise and experience to build your cleanroom project. Internal ceilings up to 20\u2019 high Super-sized 15\u2019 high motorized roll up doors ISO-5 [&hellip;]\" \/>\n<meta property=\"og:url\" content=\"https:\/\/www.americancleanrooms.com\/es\/high-bay-cleanrooms\/\" \/>\n<meta property=\"og:site_name\" content=\"American Cleanroom Systems\" \/>\n<meta property=\"article:publisher\" content=\"https:\/\/www.facebook.com\/people\/American-Cleanroom-Systems\/100063797160544\/\" \/>\n<meta property=\"article:modified_time\" content=\"2026-03-19T21:11:04+00:00\" \/>\n<meta name=\"twitter:card\" content=\"summary_large_image\" \/>\n<meta name=\"twitter:site\" content=\"@CleanroomsACS\" \/>\n<script type=\"application\/ld+json\" class=\"yoast-schema-graph\">{\"@context\":\"https:\\\/\\\/schema.org\",\"@graph\":[{\"@type\":\"WebPage\",\"@id\":\"https:\\\/\\\/www.americancleanrooms.com\\\/high-bay-cleanrooms\\\/\",\"url\":\"https:\\\/\\\/www.americancleanrooms.com\\\/high-bay-cleanrooms\\\/\",\"name\":\"High Bay Cleanrooms | American Cleanroom Systems\",\"isPartOf\":{\"@id\":\"https:\\\/\\\/www.americancleanrooms.com\\\/#website\"},\"datePublished\":\"2024-03-29T15:52:16+00:00\",\"dateModified\":\"2026-03-19T21:11:04+00:00\",\"breadcrumb\":{\"@id\":\"https:\\\/\\\/www.americancleanrooms.com\\\/high-bay-cleanrooms\\\/#breadcrumb\"},\"inLanguage\":\"es\",\"potentialAction\":[{\"@type\":\"ReadAction\",\"target\":[\"https:\\\/\\\/www.americancleanrooms.com\\\/high-bay-cleanrooms\\\/\"]}]},{\"@type\":\"BreadcrumbList\",\"@id\":\"https:\\\/\\\/www.americancleanrooms.com\\\/high-bay-cleanrooms\\\/#breadcrumb\",\"itemListElement\":[{\"@type\":\"ListItem\",\"position\":1,\"name\":\"Home\",\"item\":\"https:\\\/\\\/www.americancleanrooms.com\\\/\"},{\"@type\":\"ListItem\",\"position\":2,\"name\":\"High Bay Cleanrooms\"}]},{\"@type\":\"WebSite\",\"@id\":\"https:\\\/\\\/www.americancleanrooms.com\\\/#website\",\"url\":\"https:\\\/\\\/www.americancleanrooms.com\\\/\",\"name\":\"American Cleanroom Systems\",\"description\":\"\",\"publisher\":{\"@id\":\"https:\\\/\\\/www.americancleanrooms.com\\\/#organization\"},\"potentialAction\":[{\"@type\":\"SearchAction\",\"target\":{\"@type\":\"EntryPoint\",\"urlTemplate\":\"https:\\\/\\\/www.americancleanrooms.com\\\/?s={search_term_string}\"},\"query-input\":{\"@type\":\"PropertyValueSpecification\",\"valueRequired\":true,\"valueName\":\"search_term_string\"}}],\"inLanguage\":\"es\"},{\"@type\":\"Organization\",\"@id\":\"https:\\\/\\\/www.americancleanrooms.com\\\/#organization\",\"name\":\"American Cleanroom Systems\",\"url\":\"https:\\\/\\\/www.americancleanrooms.com\\\/\",\"logo\":{\"@type\":\"ImageObject\",\"inLanguage\":\"es\",\"@id\":\"https:\\\/\\\/www.americancleanrooms.com\\\/#\\\/schema\\\/logo\\\/image\\\/\",\"url\":\"https:\\\/\\\/www.americancleanrooms.com\\\/wp-content\\\/uploads\\\/2026\\\/03\\\/schema-logo.png\",\"contentUrl\":\"https:\\\/\\\/www.americancleanrooms.com\\\/wp-content\\\/uploads\\\/2026\\\/03\\\/schema-logo.png\",\"width\":112,\"height\":112,\"caption\":\"American Cleanroom Systems\"},\"image\":{\"@id\":\"https:\\\/\\\/www.americancleanrooms.com\\\/#\\\/schema\\\/logo\\\/image\\\/\"},\"sameAs\":[\"https:\\\/\\\/www.facebook.com\\\/people\\\/American-Cleanroom-Systems\\\/100063797160544\\\/\",\"https:\\\/\\\/x.com\\\/CleanroomsACS\",\"https:\\\/\\\/www.linkedin.com\\\/company\\\/american-cleanroom-systems\\\/\",\"https:\\\/\\\/www.youtube.com\\\/channel\\\/UCsonjp4qkAjEhUFhYJttmHg\",\"https:\\\/\\\/www.tiktok.com\\\/@cleanroomssystemamerican\"],\"description\":\"American Cleanroom Systems\u00ae is a certified team of experts, specializing in the manufacturing and design of Class 100 to Class 100,000 modular cleanrooms for a vast array of industries. For more than 40 years, American Cleanroom Systems has provided premium quality cleanroom services and customer service.\",\"email\":\"Info@AmericanCleanrooms.com\",\"telephone\":\"949.589.5656\",\"legalName\":\"American Cleanroom Systems\u00ae\"}]}<\/script>\n<!-- \/ Yoast SEO Premium plugin. -->","yoast_head_json":{"title":"High Bay Cleanrooms | American Cleanroom Systems","robots":{"index":"index","follow":"follow","max-snippet":"max-snippet:-1","max-image-preview":"max-image-preview:large","max-video-preview":"max-video-preview:-1"},"canonical":"https:\/\/www.americancleanrooms.com\/es\/high-bay-cleanrooms\/","og_locale":"es_MX","og_type":"article","og_title":"High Bay Cleanrooms","og_description":"American Cleanroom Systems\u00ae is your expert design-build source for high bay cleanrooms. Our long experience building tall cleanrooms for NASA, JPL, Lockheed Martin, the US Navy and other aerospace organizations give us the expertise and experience to build your cleanroom project. Internal ceilings up to 20\u2019 high Super-sized 15\u2019 high motorized roll up doors ISO-5 [&hellip;]","og_url":"https:\/\/www.americancleanrooms.com\/es\/high-bay-cleanrooms\/","og_site_name":"American Cleanroom Systems","article_publisher":"https:\/\/www.facebook.com\/people\/American-Cleanroom-Systems\/100063797160544\/","article_modified_time":"2026-03-19T21:11:04+00:00","twitter_card":"summary_large_image","twitter_site":"@CleanroomsACS","schema":{"@context":"https:\/\/schema.org","@graph":[{"@type":"WebPage","@id":"https:\/\/www.americancleanrooms.com\/high-bay-cleanrooms\/","url":"https:\/\/www.americancleanrooms.com\/high-bay-cleanrooms\/","name":"High Bay Cleanrooms | American Cleanroom Systems","isPartOf":{"@id":"https:\/\/www.americancleanrooms.com\/#website"},"datePublished":"2024-03-29T15:52:16+00:00","dateModified":"2026-03-19T21:11:04+00:00","breadcrumb":{"@id":"https:\/\/www.americancleanrooms.com\/high-bay-cleanrooms\/#breadcrumb"},"inLanguage":"es","potentialAction":[{"@type":"ReadAction","target":["https:\/\/www.americancleanrooms.com\/high-bay-cleanrooms\/"]}]},{"@type":"BreadcrumbList","@id":"https:\/\/www.americancleanrooms.com\/high-bay-cleanrooms\/#breadcrumb","itemListElement":[{"@type":"ListItem","position":1,"name":"Home","item":"https:\/\/www.americancleanrooms.com\/"},{"@type":"ListItem","position":2,"name":"High Bay Cleanrooms"}]},{"@type":"WebSite","@id":"https:\/\/www.americancleanrooms.com\/#website","url":"https:\/\/www.americancleanrooms.com\/","name":"American Cleanroom Systems","description":"","publisher":{"@id":"https:\/\/www.americancleanrooms.com\/#organization"},"potentialAction":[{"@type":"SearchAction","target":{"@type":"EntryPoint","urlTemplate":"https:\/\/www.americancleanrooms.com\/?s={search_term_string}"},"query-input":{"@type":"PropertyValueSpecification","valueRequired":true,"valueName":"search_term_string"}}],"inLanguage":"es"},{"@type":"Organization","@id":"https:\/\/www.americancleanrooms.com\/#organization","name":"American Cleanroom Systems","url":"https:\/\/www.americancleanrooms.com\/","logo":{"@type":"ImageObject","inLanguage":"es","@id":"https:\/\/www.americancleanrooms.com\/#\/schema\/logo\/image\/","url":"https:\/\/www.americancleanrooms.com\/wp-content\/uploads\/2026\/03\/schema-logo.png","contentUrl":"https:\/\/www.americancleanrooms.com\/wp-content\/uploads\/2026\/03\/schema-logo.png","width":112,"height":112,"caption":"American Cleanroom Systems"},"image":{"@id":"https:\/\/www.americancleanrooms.com\/#\/schema\/logo\/image\/"},"sameAs":["https:\/\/www.facebook.com\/people\/American-Cleanroom-Systems\/100063797160544\/","https:\/\/x.com\/CleanroomsACS","https:\/\/www.linkedin.com\/company\/american-cleanroom-systems\/","https:\/\/www.youtube.com\/channel\/UCsonjp4qkAjEhUFhYJttmHg","https:\/\/www.tiktok.com\/@cleanroomssystemamerican"],"description":"American Cleanroom Systems\u00ae es un equipo certificado de expertos, que se especializa en la fabricaci\u00f3n y el dise\u00f1o de cuarto limpios modulares de Clase 100 a Clase 100,000 para una amplia gama de industrias. Durante m\u00e1s de 40 a\u00f1os, American Cleanroom Systems ha brindado servicios de cuarto limpio y servicio al cliente de primera calidad.","email":"Info@AmericanCleanrooms.com","telephone":"949.589.5656","legalName":"American Cleanroom Systems\u00ae"}]}},"_links":{"self":[{"href":"https:\/\/www.americancleanrooms.com\/es\/wp-json\/wp\/v2\/pages\/10362","targetHints":{"allow":["GET"]}}],"collection":[{"href":"https:\/\/www.americancleanrooms.com\/es\/wp-json\/wp\/v2\/pages"}],"about":[{"href":"https:\/\/www.americancleanrooms.com\/es\/wp-json\/wp\/v2\/types\/page"}],"author":[{"embeddable":true,"href":"https:\/\/www.americancleanrooms.com\/es\/wp-json\/wp\/v2\/users\/3"}],"replies":[{"embeddable":true,"href":"https:\/\/www.americancleanrooms.com\/es\/wp-json\/wp\/v2\/comments?post=10362"}],"version-history":[{"count":0,"href":"https:\/\/www.americancleanrooms.com\/es\/wp-json\/wp\/v2\/pages\/10362\/revisions"}],"wp:attachment":[{"href":"https:\/\/www.americancleanrooms.com\/es\/wp-json\/wp\/v2\/media?parent=10362"}],"wp:term":[{"taxonomy":"category","embeddable":true,"href":"https:\/\/www.americancleanrooms.com\/es\/wp-json\/wp\/v2\/categories?post=10362"},{"taxonomy":"cleanroom-knowledge-center","embeddable":true,"href":"https:\/\/www.americancleanrooms.com\/es\/wp-json\/wp\/v2\/cleanroom-knowledge-center?post=10362"}],"curies":[{"name":"wp","href":"https:\/\/api.w.org\/{rel}","templated":true}]}}