{"id":17,"date":"2013-03-08T18:01:30","date_gmt":"2013-03-09T02:01:30","guid":{"rendered":"https:\/\/americancleanrooms.jzlsq0-liquidwebsites.com\/?page_id=17"},"modified":"2026-03-19T12:30:34","modified_gmt":"2026-03-19T19:30:34","slug":"cleanroom-wall-systems","status":"publish","type":"page","link":"https:\/\/www.americancleanrooms.com\/es\/sistemas-de-pared-para-cuarto-limpio\/","title":{"rendered":"Sistemas de Pared Para Cuarto Limpio"},"content":{"rendered":"","protected":false},"excerpt":{"rendered":"","protected":false},"author":1,"featured_media":0,"parent":0,"menu_order":5,"comment_status":"closed","ping_status":"closed","template":"","meta":{"footnotes":""},"categories":[49],"cleanroom-knowledge-center":[],"class_list":["post-17","page","type-page","status-publish","hentry","category-planning-sidebar"],"yoast_head":"<!-- This site is optimized with the Yoast SEO Premium plugin v27.3 (Yoast SEO v27.3) - https:\/\/yoast.com\/product\/yoast-seo-premium-wordpress\/ -->\n<title>Cleanroom Wall Systems | American Cleanroom Systems<\/title>\n<meta name=\"description\" content=\"See how cleanroom wall systems are build and check out the frequently asked questions regards cleanroom wall systems.\" \/>\n<meta name=\"robots\" content=\"index, follow, max-snippet:-1, max-image-preview:large, max-video-preview:-1\" \/>\n<link rel=\"canonical\" href=\"https:\/\/www.americancleanrooms.com\/es\/sistemas-de-pared-para-cuarto-limpio\/\" \/>\n<meta property=\"og:locale\" content=\"es_MX\" \/>\n<meta property=\"og:type\" content=\"article\" \/>\n<meta property=\"og:title\" content=\"Cleanroom Wall Systems\" \/>\n<meta property=\"og:description\" content=\"See how cleanroom wall systems are build and check out the frequently asked questions regards cleanroom wall systems.\" \/>\n<meta property=\"og:url\" content=\"https:\/\/www.americancleanrooms.com\/es\/sistemas-de-pared-para-cuarto-limpio\/\" \/>\n<meta property=\"og:site_name\" content=\"American Cleanroom Systems\" \/>\n<meta property=\"article:publisher\" content=\"https:\/\/www.facebook.com\/people\/American-Cleanroom-Systems\/100063797160544\/\" \/>\n<meta property=\"article:modified_time\" content=\"2026-03-19T19:30:34+00:00\" \/>\n<meta name=\"twitter:card\" content=\"summary_large_image\" \/>\n<meta name=\"twitter:site\" content=\"@CleanroomsACS\" \/>\n<script type=\"application\/ld+json\" class=\"yoast-schema-graph\">{\"@context\":\"https:\\\/\\\/schema.org\",\"@graph\":[{\"@type\":\"WebPage\",\"@id\":\"https:\\\/\\\/www.americancleanrooms.com\\\/cleanroom-wall-systems\\\/\",\"url\":\"https:\\\/\\\/www.americancleanrooms.com\\\/cleanroom-wall-systems\\\/\",\"name\":\"Cleanroom Wall Systems | American Cleanroom Systems\",\"isPartOf\":{\"@id\":\"https:\\\/\\\/www.americancleanrooms.com\\\/#website\"},\"datePublished\":\"2013-03-09T02:01:30+00:00\",\"dateModified\":\"2026-03-19T19:30:34+00:00\",\"description\":\"See how cleanroom wall systems are build and check out the frequently asked questions regards cleanroom wall systems.\",\"breadcrumb\":{\"@id\":\"https:\\\/\\\/www.americancleanrooms.com\\\/cleanroom-wall-systems\\\/#breadcrumb\"},\"inLanguage\":\"es\",\"potentialAction\":[{\"@type\":\"ReadAction\",\"target\":[\"https:\\\/\\\/www.americancleanrooms.com\\\/cleanroom-wall-systems\\\/\"]}]},{\"@type\":\"BreadcrumbList\",\"@id\":\"https:\\\/\\\/www.americancleanrooms.com\\\/cleanroom-wall-systems\\\/#breadcrumb\",\"itemListElement\":[{\"@type\":\"ListItem\",\"position\":1,\"name\":\"Home\",\"item\":\"https:\\\/\\\/www.americancleanrooms.com\\\/\"},{\"@type\":\"ListItem\",\"position\":2,\"name\":\"Cleanroom Wall Systems\"}]},{\"@type\":\"WebSite\",\"@id\":\"https:\\\/\\\/www.americancleanrooms.com\\\/#website\",\"url\":\"https:\\\/\\\/www.americancleanrooms.com\\\/\",\"name\":\"American Cleanroom Systems\",\"description\":\"\",\"publisher\":{\"@id\":\"https:\\\/\\\/www.americancleanrooms.com\\\/#organization\"},\"potentialAction\":[{\"@type\":\"SearchAction\",\"target\":{\"@type\":\"EntryPoint\",\"urlTemplate\":\"https:\\\/\\\/www.americancleanrooms.com\\\/?s={search_term_string}\"},\"query-input\":{\"@type\":\"PropertyValueSpecification\",\"valueRequired\":true,\"valueName\":\"search_term_string\"}}],\"inLanguage\":\"es\"},{\"@type\":\"Organization\",\"@id\":\"https:\\\/\\\/www.americancleanrooms.com\\\/#organization\",\"name\":\"American Cleanroom Systems\",\"url\":\"https:\\\/\\\/www.americancleanrooms.com\\\/\",\"logo\":{\"@type\":\"ImageObject\",\"inLanguage\":\"es\",\"@id\":\"https:\\\/\\\/www.americancleanrooms.com\\\/#\\\/schema\\\/logo\\\/image\\\/\",\"url\":\"https:\\\/\\\/www.americancleanrooms.com\\\/wp-content\\\/uploads\\\/2026\\\/03\\\/schema-logo.png\",\"contentUrl\":\"https:\\\/\\\/www.americancleanrooms.com\\\/wp-content\\\/uploads\\\/2026\\\/03\\\/schema-logo.png\",\"width\":112,\"height\":112,\"caption\":\"American Cleanroom Systems\"},\"image\":{\"@id\":\"https:\\\/\\\/www.americancleanrooms.com\\\/#\\\/schema\\\/logo\\\/image\\\/\"},\"sameAs\":[\"https:\\\/\\\/www.facebook.com\\\/people\\\/American-Cleanroom-Systems\\\/100063797160544\\\/\",\"https:\\\/\\\/x.com\\\/CleanroomsACS\",\"https:\\\/\\\/www.linkedin.com\\\/company\\\/american-cleanroom-systems\\\/\",\"https:\\\/\\\/www.youtube.com\\\/channel\\\/UCsonjp4qkAjEhUFhYJttmHg\",\"https:\\\/\\\/www.tiktok.com\\\/@cleanroomssystemamerican\"],\"description\":\"American Cleanroom Systems\u00ae is a certified team of experts, specializing in the manufacturing and design of Class 100 to Class 100,000 modular cleanrooms for a vast array of industries. For more than 40 years, American Cleanroom Systems has provided premium quality cleanroom services and customer service.\",\"email\":\"Info@AmericanCleanrooms.com\",\"telephone\":\"949.589.5656\",\"legalName\":\"American Cleanroom Systems\u00ae\"}]}<\/script>\n<!-- \/ Yoast SEO Premium plugin. -->","yoast_head_json":{"title":"Cleanroom Wall Systems | American Cleanroom Systems","description":"See how cleanroom wall systems are build and check out the frequently asked questions regards cleanroom wall systems.","robots":{"index":"index","follow":"follow","max-snippet":"max-snippet:-1","max-image-preview":"max-image-preview:large","max-video-preview":"max-video-preview:-1"},"canonical":"https:\/\/www.americancleanrooms.com\/es\/sistemas-de-pared-para-cuarto-limpio\/","og_locale":"es_MX","og_type":"article","og_title":"Cleanroom Wall Systems","og_description":"See how cleanroom wall systems are build and check out the frequently asked questions regards cleanroom wall systems.","og_url":"https:\/\/www.americancleanrooms.com\/es\/sistemas-de-pared-para-cuarto-limpio\/","og_site_name":"American Cleanroom Systems","article_publisher":"https:\/\/www.facebook.com\/people\/American-Cleanroom-Systems\/100063797160544\/","article_modified_time":"2026-03-19T19:30:34+00:00","twitter_card":"summary_large_image","twitter_site":"@CleanroomsACS","schema":{"@context":"https:\/\/schema.org","@graph":[{"@type":"WebPage","@id":"https:\/\/www.americancleanrooms.com\/cleanroom-wall-systems\/","url":"https:\/\/www.americancleanrooms.com\/cleanroom-wall-systems\/","name":"Cleanroom Wall Systems | American Cleanroom Systems","isPartOf":{"@id":"https:\/\/www.americancleanrooms.com\/#website"},"datePublished":"2013-03-09T02:01:30+00:00","dateModified":"2026-03-19T19:30:34+00:00","description":"See how cleanroom wall systems are build and check out the frequently asked questions regards cleanroom wall systems.","breadcrumb":{"@id":"https:\/\/www.americancleanrooms.com\/cleanroom-wall-systems\/#breadcrumb"},"inLanguage":"es","potentialAction":[{"@type":"ReadAction","target":["https:\/\/www.americancleanrooms.com\/cleanroom-wall-systems\/"]}]},{"@type":"BreadcrumbList","@id":"https:\/\/www.americancleanrooms.com\/cleanroom-wall-systems\/#breadcrumb","itemListElement":[{"@type":"ListItem","position":1,"name":"Home","item":"https:\/\/www.americancleanrooms.com\/"},{"@type":"ListItem","position":2,"name":"Cleanroom Wall Systems"}]},{"@type":"WebSite","@id":"https:\/\/www.americancleanrooms.com\/#website","url":"https:\/\/www.americancleanrooms.com\/","name":"American Cleanroom Systems","description":"","publisher":{"@id":"https:\/\/www.americancleanrooms.com\/#organization"},"potentialAction":[{"@type":"SearchAction","target":{"@type":"EntryPoint","urlTemplate":"https:\/\/www.americancleanrooms.com\/?s={search_term_string}"},"query-input":{"@type":"PropertyValueSpecification","valueRequired":true,"valueName":"search_term_string"}}],"inLanguage":"es"},{"@type":"Organization","@id":"https:\/\/www.americancleanrooms.com\/#organization","name":"American Cleanroom Systems","url":"https:\/\/www.americancleanrooms.com\/","logo":{"@type":"ImageObject","inLanguage":"es","@id":"https:\/\/www.americancleanrooms.com\/#\/schema\/logo\/image\/","url":"https:\/\/www.americancleanrooms.com\/wp-content\/uploads\/2026\/03\/schema-logo.png","contentUrl":"https:\/\/www.americancleanrooms.com\/wp-content\/uploads\/2026\/03\/schema-logo.png","width":112,"height":112,"caption":"American Cleanroom Systems"},"image":{"@id":"https:\/\/www.americancleanrooms.com\/#\/schema\/logo\/image\/"},"sameAs":["https:\/\/www.facebook.com\/people\/American-Cleanroom-Systems\/100063797160544\/","https:\/\/x.com\/CleanroomsACS","https:\/\/www.linkedin.com\/company\/american-cleanroom-systems\/","https:\/\/www.youtube.com\/channel\/UCsonjp4qkAjEhUFhYJttmHg","https:\/\/www.tiktok.com\/@cleanroomssystemamerican"],"description":"American Cleanroom Systems\u00ae es un equipo certificado de expertos, que se especializa en la fabricaci\u00f3n y el dise\u00f1o de cuarto limpios modulares de Clase 100 a Clase 100,000 para una amplia gama de industrias. Durante m\u00e1s de 40 a\u00f1os, American Cleanroom Systems ha brindado servicios de cuarto limpio y servicio al cliente de primera calidad.","email":"Info@AmericanCleanrooms.com","telephone":"949.589.5656","legalName":"American Cleanroom Systems\u00ae"}]}},"_links":{"self":[{"href":"https:\/\/www.americancleanrooms.com\/es\/wp-json\/wp\/v2\/pages\/17","targetHints":{"allow":["GET"]}}],"collection":[{"href":"https:\/\/www.americancleanrooms.com\/es\/wp-json\/wp\/v2\/pages"}],"about":[{"href":"https:\/\/www.americancleanrooms.com\/es\/wp-json\/wp\/v2\/types\/page"}],"author":[{"embeddable":true,"href":"https:\/\/www.americancleanrooms.com\/es\/wp-json\/wp\/v2\/users\/1"}],"replies":[{"embeddable":true,"href":"https:\/\/www.americancleanrooms.com\/es\/wp-json\/wp\/v2\/comments?post=17"}],"version-history":[{"count":0,"href":"https:\/\/www.americancleanrooms.com\/es\/wp-json\/wp\/v2\/pages\/17\/revisions"}],"wp:attachment":[{"href":"https:\/\/www.americancleanrooms.com\/es\/wp-json\/wp\/v2\/media?parent=17"}],"wp:term":[{"taxonomy":"category","embeddable":true,"href":"https:\/\/www.americancleanrooms.com\/es\/wp-json\/wp\/v2\/categories?post=17"},{"taxonomy":"cleanroom-knowledge-center","embeddable":true,"href":"https:\/\/www.americancleanrooms.com\/es\/wp-json\/wp\/v2\/cleanroom-knowledge-center?post=17"}],"curies":[{"name":"wp","href":"https:\/\/api.w.org\/{rel}","templated":true}]}}