{"id":2843,"date":"2015-04-15T10:49:22","date_gmt":"2015-04-15T17:49:22","guid":{"rendered":"https:\/\/americancleanrooms.jzlsq0-liquidwebsites.com\/?page_id=2843"},"modified":"2021-11-22T12:47:11","modified_gmt":"2021-11-22T20:47:11","slug":"class-10000-clean-room","status":"publish","type":"page","link":"https:\/\/www.americancleanrooms.com\/es\/class-10000-clean-room\/","title":{"rendered":"Class 10,000 Cleanroom"},"content":{"rendered":"<h1 class=\"wp-block-heading\">What Is a Class 10,000 Cleanroom?<\/h1>\n\n\n\n<p>Cleanrooms are classified according to the number and size of particles permitted per volume of air. Large numbers like \"class 100\" or \"class 1000\" refer to FED-STD-209E, and denote the number of particles of size 0.5 \u00b5m or larger permitted per cubic foot of air. Class 10,000 would have &lt;10,000 particles\/cubic foot. Minimum of 45 to 60 air changes per hour.<\/p>\n\n\n\n<div style=\"height:25px\" aria-hidden=\"true\" class=\"wp-block-spacer\"><\/div>\n\n\n\n<h3 class=\"wp-block-heading\">Various Class 10,000 Applications:<\/h3>\n\n\n\n<ul class=\"wp-block-list\"><li>Pharmacy compounding rooms<\/li><li>Semiconductor non photolithography (bonding, metal deposition, testing)<\/li><li>Pharmaceutical manufacturing<\/li><li>Aerospace manufacturing<\/li><\/ul>\n\n\n\n<div style=\"height:25px\" aria-hidden=\"true\" class=\"wp-block-spacer\"><\/div>\n\n\n\n<h3 class=\"wp-block-heading\">Typical Class 10,000 Cleanrooms Utilize:<\/h3>\n\n\n\n<ul class=\"wp-block-list\"><li>Gowning room \/air locks<\/li><li>Product pass thru\u2019s<\/li><li>Heat welded vinyl or epoxy floors<\/li><li>Air conditioning for temperature control<\/li><li>Unidades de filtro de ventilador HEPA<\/li><li>Sealed cleanroom lighting<\/li><li>Magnahelic gauge for room air pressure monitoring<\/li><li>Workers typically garb up in non particulating cleanroom bunny suits, booties and hoods.<\/li><li>Some applications use air showers to enter.<\/li><li>Sticky mats at entrance and exit<\/li><li>Banco de acero inoxidable com\u00fan para cuartos limpios<\/li><li>Gown racks<\/li><li>Stainless steel - hand free sinks<\/li><\/ul>\n\n\n\n<div style=\"height:25px\" aria-hidden=\"true\" class=\"wp-block-spacer\"><\/div>\n\n\n\n<h3 class=\"wp-block-heading\">Design:<\/h3>\n\n\n\n<ul class=\"wp-block-list\"><li>Negative pressure plenum<\/li><li>Ceiling mounted HEPA fan filter units and low wall air returns for laminar air flow<\/li><li>Cleanable hard walls<\/li><\/ul>\n\n\n\n<div style=\"height:25px\" aria-hidden=\"true\" class=\"wp-block-spacer\"><\/div>\n\n\n\n<figure class=\"wp-block-image\"><img loading=\"lazy\" decoding=\"async\" width=\"250\" height=\"200\" src=\"https:\/\/americancleanrooms.com\/wp-content\/uploads\/2018\/06\/ELiquid_Img5.jpg\" alt=\"\" class=\"wp-image-3680\" srcset=\"https:\/\/www.americancleanrooms.com\/wp-content\/uploads\/2018\/06\/ELiquid_Img5.jpg 250w, https:\/\/www.americancleanrooms.com\/wp-content\/uploads\/2018\/06\/ELiquid_Img5-183x146.jpg 183w, https:\/\/www.americancleanrooms.com\/wp-content\/uploads\/2018\/06\/ELiquid_Img5-50x40.jpg 50w, https:\/\/www.americancleanrooms.com\/wp-content\/uploads\/2018\/06\/ELiquid_Img5-94x75.jpg 94w\" sizes=\"auto, (max-width: 250px) 100vw, 250px\" \/><\/figure>\n\n\n\n<div style=\"height:25px\" aria-hidden=\"true\" class=\"wp-block-spacer\"><\/div>\n\n\n\n<h3 class=\"wp-block-heading\">Softwall Class 10,000 option:<\/h3>\n\n\n\n<ul class=\"wp-block-list\"><li>Paredes de vinilo transparente<\/li><li>Strip curtain for entrance<\/li><li>Steel frame<\/li><li>Ceiling mounted HEPA FFU\u2019s<\/li><li>Ceiling mounted lighting<\/li><li>Sometimes mounted on casters<\/li><\/ul>\n\n\n\n<div style=\"height:25px\" aria-hidden=\"true\" class=\"wp-block-spacer\"><\/div>\n\n\n\n<h3 class=\"wp-block-heading\">Softwall Class 10,000 Limitations:<\/h3>\n\n\n\n<ul class=\"wp-block-list\"><li>No temperature control<\/li><li>No measurable positive pressure<\/li><li>Cannot clean walls<\/li><\/ul>\n\n\n\n<div style=\"height:25px\" aria-hidden=\"true\" class=\"wp-block-spacer\"><\/div>\n\n\n\n<h3 class=\"wp-block-heading\">Class 10,000 Softwall Typical Applications:<\/h3>\n\n\n\n<ul class=\"wp-block-list\"><li>Inside Class 100k room<\/li><li>Inside warehouse<\/li><li>Weighing product during packaging<\/li><li>Inspection stations<\/li><li>Temporary cleanroom<\/li><\/ul>\n\n\n\n<div style=\"height:25px\" aria-hidden=\"true\" class=\"wp-block-spacer\"><\/div>\n\n\n\n<figure class=\"wp-block-image\"><img loading=\"lazy\" decoding=\"async\" width=\"224\" height=\"186\" src=\"https:\/\/americancleanrooms.com\/wp-content\/uploads\/2015\/03\/3-11-2015-2-14-58-PM1.jpg\" alt=\"\" class=\"wp-image-2737\" srcset=\"https:\/\/www.americancleanrooms.com\/wp-content\/uploads\/2015\/03\/3-11-2015-2-14-58-PM1.jpg 224w, https:\/\/www.americancleanrooms.com\/wp-content\/uploads\/2015\/03\/3-11-2015-2-14-58-PM1-176x146.jpg 176w, https:\/\/www.americancleanrooms.com\/wp-content\/uploads\/2015\/03\/3-11-2015-2-14-58-PM1-50x42.jpg 50w, https:\/\/www.americancleanrooms.com\/wp-content\/uploads\/2015\/03\/3-11-2015-2-14-58-PM1-90x75.jpg 90w\" sizes=\"auto, (max-width: 224px) 100vw, 224px\" \/><\/figure>\n\n\n\n<div style=\"height:25px\" aria-hidden=\"true\" class=\"wp-block-spacer\"><\/div>","protected":false},"excerpt":{"rendered":"<p>What Is a Class 10,000 Cleanroom? Cleanrooms are classified according to the number and size of particles permitted per volume of air. Large numbers like \"class 100\" or \"class 1000\" refer to FED-STD-209E, and denote the number of particles of size 0.5 \u00b5m or larger permitted per cubic foot of air. Class 10,000 would have [&hellip;]<\/p>\n","protected":false},"author":3,"featured_media":0,"parent":0,"menu_order":6,"comment_status":"closed","ping_status":"closed","template":"","meta":{"footnotes":""},"categories":[1],"cleanroom-knowledge-center":[],"class_list":["post-2843","page","type-page","status-publish","hentry","category-uncategorized"],"yoast_head":"<!-- This site is optimized with the Yoast SEO Premium plugin v27.3 (Yoast SEO v27.3) - https:\/\/yoast.com\/product\/yoast-seo-premium-wordpress\/ -->\n<title>Class 10,000 Cleanroom Requirements | Design &amp; Manufacturing<\/title>\n<meta name=\"description\" content=\"Cleanrooms are classified according to the number and size of particles permitted per volume of air. Class 10,000 would have &lt;10,000 particles\/cubic foot. Minimum of 45 to 60 air changes per hour. See application uses.\" \/>\n<meta name=\"robots\" content=\"index, follow, max-snippet:-1, max-image-preview:large, max-video-preview:-1\" \/>\n<link rel=\"canonical\" href=\"https:\/\/www.americancleanrooms.com\/es\/class-10000-clean-room\/\" \/>\n<meta property=\"og:locale\" content=\"es_MX\" \/>\n<meta property=\"og:type\" content=\"article\" \/>\n<meta property=\"og:title\" content=\"Class 10,000 Cleanroom\" \/>\n<meta property=\"og:description\" content=\"Cleanrooms are classified according to the number and size of particles permitted per volume of air. Class 10,000 would have &lt;10,000 particles\/cubic foot. Minimum of 45 to 60 air changes per hour. See application uses.\" \/>\n<meta property=\"og:url\" content=\"https:\/\/www.americancleanrooms.com\/es\/class-10000-clean-room\/\" \/>\n<meta property=\"og:site_name\" content=\"American Cleanroom Systems\" \/>\n<meta property=\"article:publisher\" content=\"https:\/\/www.facebook.com\/people\/American-Cleanroom-Systems\/100063797160544\/\" \/>\n<meta property=\"article:modified_time\" content=\"2021-11-22T20:47:11+00:00\" \/>\n<meta property=\"og:image\" content=\"https:\/\/americancleanrooms.com\/wp-content\/uploads\/2018\/06\/ELiquid_Img5.jpg\" \/>\n<meta name=\"twitter:card\" content=\"summary_large_image\" \/>\n<meta name=\"twitter:site\" content=\"@CleanroomsACS\" \/>\n<script type=\"application\/ld+json\" class=\"yoast-schema-graph\">{\"@context\":\"https:\\\/\\\/schema.org\",\"@graph\":[{\"@type\":\"WebPage\",\"@id\":\"https:\\\/\\\/www.americancleanrooms.com\\\/class-10000-clean-room\\\/\",\"url\":\"https:\\\/\\\/www.americancleanrooms.com\\\/class-10000-clean-room\\\/\",\"name\":\"Class 10,000 Cleanroom Requirements | Design & Manufacturing\",\"isPartOf\":{\"@id\":\"https:\\\/\\\/www.americancleanrooms.com\\\/#website\"},\"primaryImageOfPage\":{\"@id\":\"https:\\\/\\\/www.americancleanrooms.com\\\/class-10000-clean-room\\\/#primaryimage\"},\"image\":{\"@id\":\"https:\\\/\\\/www.americancleanrooms.com\\\/class-10000-clean-room\\\/#primaryimage\"},\"thumbnailUrl\":\"https:\\\/\\\/americancleanrooms.com\\\/wp-content\\\/uploads\\\/2018\\\/06\\\/ELiquid_Img5.jpg\",\"datePublished\":\"2015-04-15T17:49:22+00:00\",\"dateModified\":\"2021-11-22T20:47:11+00:00\",\"description\":\"Cleanrooms are classified according to the number and size of particles permitted per volume of air. Class 10,000 would have &lt;10,000 particles\\\/cubic foot. Minimum of 45 to 60 air changes per hour. See application uses.\",\"breadcrumb\":{\"@id\":\"https:\\\/\\\/www.americancleanrooms.com\\\/class-10000-clean-room\\\/#breadcrumb\"},\"inLanguage\":\"es\",\"potentialAction\":[{\"@type\":\"ReadAction\",\"target\":[\"https:\\\/\\\/www.americancleanrooms.com\\\/class-10000-clean-room\\\/\"]}]},{\"@type\":\"ImageObject\",\"inLanguage\":\"es\",\"@id\":\"https:\\\/\\\/www.americancleanrooms.com\\\/class-10000-clean-room\\\/#primaryimage\",\"url\":\"https:\\\/\\\/americancleanrooms.com\\\/wp-content\\\/uploads\\\/2018\\\/06\\\/ELiquid_Img5.jpg\",\"contentUrl\":\"https:\\\/\\\/americancleanrooms.com\\\/wp-content\\\/uploads\\\/2018\\\/06\\\/ELiquid_Img5.jpg\"},{\"@type\":\"BreadcrumbList\",\"@id\":\"https:\\\/\\\/www.americancleanrooms.com\\\/class-10000-clean-room\\\/#breadcrumb\",\"itemListElement\":[{\"@type\":\"ListItem\",\"position\":1,\"name\":\"Home\",\"item\":\"https:\\\/\\\/www.americancleanrooms.com\\\/\"},{\"@type\":\"ListItem\",\"position\":2,\"name\":\"Class 10,000 Cleanroom\"}]},{\"@type\":\"WebSite\",\"@id\":\"https:\\\/\\\/www.americancleanrooms.com\\\/#website\",\"url\":\"https:\\\/\\\/www.americancleanrooms.com\\\/\",\"name\":\"American Cleanroom Systems\",\"description\":\"\",\"publisher\":{\"@id\":\"https:\\\/\\\/www.americancleanrooms.com\\\/#organization\"},\"potentialAction\":[{\"@type\":\"SearchAction\",\"target\":{\"@type\":\"EntryPoint\",\"urlTemplate\":\"https:\\\/\\\/www.americancleanrooms.com\\\/?s={search_term_string}\"},\"query-input\":{\"@type\":\"PropertyValueSpecification\",\"valueRequired\":true,\"valueName\":\"search_term_string\"}}],\"inLanguage\":\"es\"},{\"@type\":\"Organization\",\"@id\":\"https:\\\/\\\/www.americancleanrooms.com\\\/#organization\",\"name\":\"American Cleanroom Systems\",\"url\":\"https:\\\/\\\/www.americancleanrooms.com\\\/\",\"logo\":{\"@type\":\"ImageObject\",\"inLanguage\":\"es\",\"@id\":\"https:\\\/\\\/www.americancleanrooms.com\\\/#\\\/schema\\\/logo\\\/image\\\/\",\"url\":\"https:\\\/\\\/www.americancleanrooms.com\\\/wp-content\\\/uploads\\\/2026\\\/03\\\/schema-logo.png\",\"contentUrl\":\"https:\\\/\\\/www.americancleanrooms.com\\\/wp-content\\\/uploads\\\/2026\\\/03\\\/schema-logo.png\",\"width\":112,\"height\":112,\"caption\":\"American Cleanroom Systems\"},\"image\":{\"@id\":\"https:\\\/\\\/www.americancleanrooms.com\\\/#\\\/schema\\\/logo\\\/image\\\/\"},\"sameAs\":[\"https:\\\/\\\/www.facebook.com\\\/people\\\/American-Cleanroom-Systems\\\/100063797160544\\\/\",\"https:\\\/\\\/x.com\\\/CleanroomsACS\",\"https:\\\/\\\/www.linkedin.com\\\/company\\\/american-cleanroom-systems\\\/\",\"https:\\\/\\\/www.youtube.com\\\/channel\\\/UCsonjp4qkAjEhUFhYJttmHg\",\"https:\\\/\\\/www.tiktok.com\\\/@cleanroomssystemamerican\"],\"description\":\"American Cleanroom Systems\u00ae is a certified team of experts, specializing in the manufacturing and design of Class 100 to Class 100,000 modular cleanrooms for a vast array of industries. For more than 40 years, American Cleanroom Systems has provided premium quality cleanroom services and customer service.\",\"email\":\"Info@AmericanCleanrooms.com\",\"telephone\":\"949.589.5656\",\"legalName\":\"American Cleanroom Systems\u00ae\"}]}<\/script>\n<!-- \/ Yoast SEO Premium plugin. -->","yoast_head_json":{"title":"Class 10,000 Cleanroom Requirements | Design & Manufacturing","description":"Cleanrooms are classified according to the number and size of particles permitted per volume of air. Class 10,000 would have &lt;10,000 particles\/cubic foot. Minimum of 45 to 60 air changes per hour. See application uses.","robots":{"index":"index","follow":"follow","max-snippet":"max-snippet:-1","max-image-preview":"max-image-preview:large","max-video-preview":"max-video-preview:-1"},"canonical":"https:\/\/www.americancleanrooms.com\/es\/class-10000-clean-room\/","og_locale":"es_MX","og_type":"article","og_title":"Class 10,000 Cleanroom","og_description":"Cleanrooms are classified according to the number and size of particles permitted per volume of air. Class 10,000 would have &lt;10,000 particles\/cubic foot. Minimum of 45 to 60 air changes per hour. See application uses.","og_url":"https:\/\/www.americancleanrooms.com\/es\/class-10000-clean-room\/","og_site_name":"American Cleanroom Systems","article_publisher":"https:\/\/www.facebook.com\/people\/American-Cleanroom-Systems\/100063797160544\/","article_modified_time":"2021-11-22T20:47:11+00:00","og_image":[{"url":"https:\/\/americancleanrooms.com\/wp-content\/uploads\/2018\/06\/ELiquid_Img5.jpg","type":"","width":"","height":""}],"twitter_card":"summary_large_image","twitter_site":"@CleanroomsACS","schema":{"@context":"https:\/\/schema.org","@graph":[{"@type":"WebPage","@id":"https:\/\/www.americancleanrooms.com\/class-10000-clean-room\/","url":"https:\/\/www.americancleanrooms.com\/class-10000-clean-room\/","name":"Class 10,000 Cleanroom Requirements | Design & Manufacturing","isPartOf":{"@id":"https:\/\/www.americancleanrooms.com\/#website"},"primaryImageOfPage":{"@id":"https:\/\/www.americancleanrooms.com\/class-10000-clean-room\/#primaryimage"},"image":{"@id":"https:\/\/www.americancleanrooms.com\/class-10000-clean-room\/#primaryimage"},"thumbnailUrl":"https:\/\/americancleanrooms.com\/wp-content\/uploads\/2018\/06\/ELiquid_Img5.jpg","datePublished":"2015-04-15T17:49:22+00:00","dateModified":"2021-11-22T20:47:11+00:00","description":"Cleanrooms are classified according to the number and size of particles permitted per volume of air. Class 10,000 would have &lt;10,000 particles\/cubic foot. Minimum of 45 to 60 air changes per hour. See application uses.","breadcrumb":{"@id":"https:\/\/www.americancleanrooms.com\/class-10000-clean-room\/#breadcrumb"},"inLanguage":"es","potentialAction":[{"@type":"ReadAction","target":["https:\/\/www.americancleanrooms.com\/class-10000-clean-room\/"]}]},{"@type":"ImageObject","inLanguage":"es","@id":"https:\/\/www.americancleanrooms.com\/class-10000-clean-room\/#primaryimage","url":"https:\/\/americancleanrooms.com\/wp-content\/uploads\/2018\/06\/ELiquid_Img5.jpg","contentUrl":"https:\/\/americancleanrooms.com\/wp-content\/uploads\/2018\/06\/ELiquid_Img5.jpg"},{"@type":"BreadcrumbList","@id":"https:\/\/www.americancleanrooms.com\/class-10000-clean-room\/#breadcrumb","itemListElement":[{"@type":"ListItem","position":1,"name":"Home","item":"https:\/\/www.americancleanrooms.com\/"},{"@type":"ListItem","position":2,"name":"Class 10,000 Cleanroom"}]},{"@type":"WebSite","@id":"https:\/\/www.americancleanrooms.com\/#website","url":"https:\/\/www.americancleanrooms.com\/","name":"American Cleanroom Systems","description":"","publisher":{"@id":"https:\/\/www.americancleanrooms.com\/#organization"},"potentialAction":[{"@type":"SearchAction","target":{"@type":"EntryPoint","urlTemplate":"https:\/\/www.americancleanrooms.com\/?s={search_term_string}"},"query-input":{"@type":"PropertyValueSpecification","valueRequired":true,"valueName":"search_term_string"}}],"inLanguage":"es"},{"@type":"Organization","@id":"https:\/\/www.americancleanrooms.com\/#organization","name":"American Cleanroom Systems","url":"https:\/\/www.americancleanrooms.com\/","logo":{"@type":"ImageObject","inLanguage":"es","@id":"https:\/\/www.americancleanrooms.com\/#\/schema\/logo\/image\/","url":"https:\/\/www.americancleanrooms.com\/wp-content\/uploads\/2026\/03\/schema-logo.png","contentUrl":"https:\/\/www.americancleanrooms.com\/wp-content\/uploads\/2026\/03\/schema-logo.png","width":112,"height":112,"caption":"American Cleanroom Systems"},"image":{"@id":"https:\/\/www.americancleanrooms.com\/#\/schema\/logo\/image\/"},"sameAs":["https:\/\/www.facebook.com\/people\/American-Cleanroom-Systems\/100063797160544\/","https:\/\/x.com\/CleanroomsACS","https:\/\/www.linkedin.com\/company\/american-cleanroom-systems\/","https:\/\/www.youtube.com\/channel\/UCsonjp4qkAjEhUFhYJttmHg","https:\/\/www.tiktok.com\/@cleanroomssystemamerican"],"description":"American Cleanroom Systems\u00ae es un equipo certificado de expertos, que se especializa en la fabricaci\u00f3n y el dise\u00f1o de cuarto limpios modulares de Clase 100 a Clase 100,000 para una amplia gama de industrias. Durante m\u00e1s de 40 a\u00f1os, American Cleanroom Systems ha brindado servicios de cuarto limpio y servicio al cliente de primera calidad.","email":"Info@AmericanCleanrooms.com","telephone":"949.589.5656","legalName":"American Cleanroom Systems\u00ae"}]}},"_links":{"self":[{"href":"https:\/\/www.americancleanrooms.com\/es\/wp-json\/wp\/v2\/pages\/2843","targetHints":{"allow":["GET"]}}],"collection":[{"href":"https:\/\/www.americancleanrooms.com\/es\/wp-json\/wp\/v2\/pages"}],"about":[{"href":"https:\/\/www.americancleanrooms.com\/es\/wp-json\/wp\/v2\/types\/page"}],"author":[{"embeddable":true,"href":"https:\/\/www.americancleanrooms.com\/es\/wp-json\/wp\/v2\/users\/3"}],"replies":[{"embeddable":true,"href":"https:\/\/www.americancleanrooms.com\/es\/wp-json\/wp\/v2\/comments?post=2843"}],"version-history":[{"count":0,"href":"https:\/\/www.americancleanrooms.com\/es\/wp-json\/wp\/v2\/pages\/2843\/revisions"}],"wp:attachment":[{"href":"https:\/\/www.americancleanrooms.com\/es\/wp-json\/wp\/v2\/media?parent=2843"}],"wp:term":[{"taxonomy":"category","embeddable":true,"href":"https:\/\/www.americancleanrooms.com\/es\/wp-json\/wp\/v2\/categories?post=2843"},{"taxonomy":"cleanroom-knowledge-center","embeddable":true,"href":"https:\/\/www.americancleanrooms.com\/es\/wp-json\/wp\/v2\/cleanroom-knowledge-center?post=2843"}],"curies":[{"name":"wp","href":"https:\/\/api.w.org\/{rel}","templated":true}]}}