{"id":2920,"date":"2015-06-05T13:58:38","date_gmt":"2015-06-05T20:58:38","guid":{"rendered":"https:\/\/americancleanrooms.jzlsq0-liquidwebsites.com\/?page_id=2920"},"modified":"2022-10-17T09:56:59","modified_gmt":"2022-10-17T16:56:59","slug":"cleanroom-technology","status":"publish","type":"page","link":"https:\/\/www.americancleanrooms.com\/es\/cleanroom-technology\/","title":{"rendered":"Cleanroom Technology"},"content":{"rendered":"<h1 class=\"wp-block-heading\">Clean Room Technology<\/h1>\r\n\r\n\r\n<hr class=\"wp-block-separator\" \/>\r\n\r\n\r\n<div class=\"wp-block-spacer\" style=\"height: 25px;\" aria-hidden=\"true\">\u00a0<\/div>\r\n\r\n\r\n\r\n<h2 class=\"wp-block-heading\">HEPA filters<\/h2>\r\n\r\n\r\n\r\n<p>HEPA filters are composed of a <a href=\"http:\/\/en.wikipedia.org\/wiki\/Depth_filter\">mat of randomly arranged fibres<\/a>. The fibres are typically composed of <a href=\"http:\/\/en.wikipedia.org\/wiki\/Fiberglass\">fiberglass<\/a> and possess diameters between 0.5 and 2.0 <a href=\"http:\/\/en.wikipedia.org\/wiki\/Micrometre\">micrometers<\/a>. Key factors affecting function are fibre diameter, filter thickness, and face velocity. The air space between HEPA filter fibres is much greater than 0.3\u00a0\u03bcm. The common assumption that a HEPA filter acts like a <a href=\"http:\/\/en.wikipedia.org\/wiki\/Sieve\">sieve<\/a> where particles smaller than the largest opening can pass through is incorrect. Unlike <a href=\"http:\/\/en.wikipedia.org\/wiki\/Membrane_technology\">membrane filters<\/a> at this pore size, where particles as wide as the largest opening or distance between fibres cannot pass in between them at all, HEPA filters are designed to target much smaller pollutants and particles.:<\/p>\r\n\r\n\r\n\r\n<p>HEPA filters, as defined by the <a href=\"http:\/\/en.wikipedia.org\/wiki\/United_States_Department_of_Energy\">DOE<\/a> standard adopted by most American industries, remove at least 99.97% of <a href=\"http:\/\/en.wikipedia.org\/wiki\/Aerosol\">airborne particles<\/a> 0.3 micrometers (\u00b5m) in diameter. The filter's minimal resistance to airflow, or <a href=\"http:\/\/en.wikipedia.org\/wiki\/Pressure_drop\">pressure drop<\/a>, is usually specified around 300\u00a0<a href=\"http:\/\/en.wikipedia.org\/wiki\/Pascal_%28unit%29\">Pa<\/a> at its nominal <a href=\"http:\/\/en.wikipedia.org\/wiki\/Flow_rate\">flow rate<\/a>.<\/p>\r\n\r\n\r\n\r\n<p>Lastly, it is important to note that HEPA filters are designed to arrest very fine particles effectively, but they do not filter out gasses and odor molecules. Circumstances requiring filtration of volatile organic compounds, chemical vapors, cigarette, pet, and\/or flatulence odors call for the use of an activated carbon (charcoal) filter instead of or in addition to a HEPA filter.<\/p>\r\n\r\n\r\n\r\n<div class=\"wp-block-spacer\" style=\"height: 25px;\" aria-hidden=\"true\">\u00a0<\/div>\r\n\r\n\r\n\r\n<h2 class=\"wp-block-heading\">ULPA filters<\/h2>\r\n\r\n\r\n\r\n<p><strong>\u00a0<\/strong><strong>ULPA<\/strong> is an acronym for \"<strong>Ultra Low Penetration Air (filter)<\/strong>\" An ULPA filter can remove from the air at least 99.999% of dust, pollen, mold, bacteria and any airborne particles with a size of 100 <a href=\"http:\/\/en.wikipedia.org\/wiki\/Nanometre\">nanometres<\/a> (0.1\u00a0<a href=\"http:\/\/en.wikipedia.org\/wiki\/Micrometre\">\u00b5m<\/a>) or larger.<\/p>\r\n\r\n\r\n\r\n<div class=\"wp-block-spacer\" style=\"height: 25px;\" aria-hidden=\"true\">\u00a0<\/div>\r\n\r\n\r\n\r\n<h2 class=\"wp-block-heading\">HEPA fan filter unit (FFU)<\/h2>\r\n\r\n\r\n\r\n<p>A HEPA FFU is a type of <a href=\"http:\/\/en.wikipedia.org\/wiki\/Air_filter\">air filtering<\/a> equipment. It is used to supply purified air to <a href=\"http:\/\/en.wikipedia.org\/wiki\/Cleanroom\">cleanrooms<\/a> or microenvironments by filtering out harmful airborne particles from recirculating air. The units are installed within the system's ceiling grid as part of a negative pressure plenum. They consist of their own pre-filter, <a href=\"http:\/\/en.wikipedia.org\/wiki\/HEPA\">HEPA<\/a> filter and fan.<\/p>\r\n\r\n\r\n\r\n<figure class=\"wp-block-image\"><a href=\"\/wp-content\/uploads\/2015\/06\/cleanroom-technology-6.png\"><img decoding=\"async\" class=\"wp-image-2926\" src=\"\/wp-content\/uploads\/2015\/06\/cleanroom-technology-6-300x181.png\" alt=\"cleanroom technology 6\" \/><\/a><\/figure>\r\n\r\n\r\n\r\n<div class=\"wp-block-spacer\" style=\"height: 25px;\" aria-hidden=\"true\">\u00a0<\/div>\r\n\r\n\r\n\r\n<h2 class=\"wp-block-heading\">SAS de paso<\/h2>\r\n\r\n\r\n\r\n<p>Pass Thrus are used as a means of moving parts and\/or materials from a non-controlled environment to a clean room environment. There are both wall mounted pass thru and floor mounted pass Floor mounted pass thrus are typically used for rolling carts. Pass thrus typically have mechanically interlocked doors to prevent particulates from entering the cleanroom when loading or unloading. Some pass thrus have their own HEPA FFU for additional cleanliness.<\/p>\r\n\r\n\r\n\r\n<figure class=\"wp-block-image\"><a href=\"\/wp-content\/uploads\/2015\/06\/pass-through.jpg\"><img loading=\"lazy\" decoding=\"async\" width=\"144\" height=\"137\" class=\"wp-image-2912\" src=\"\/wp-content\/uploads\/2015\/06\/pass-through.jpg\" alt=\"pass through\" srcset=\"https:\/\/www.americancleanrooms.com\/wp-content\/uploads\/2015\/06\/pass-through.jpg 144w, https:\/\/www.americancleanrooms.com\/wp-content\/uploads\/2015\/06\/pass-through-50x48.jpg 50w, https:\/\/www.americancleanrooms.com\/wp-content\/uploads\/2015\/06\/pass-through-79x75.jpg 79w\" sizes=\"auto, (max-width: 144px) 100vw, 144px\" \/><\/a><\/figure>\r\n\r\n\r\n\r\n<div class=\"wp-block-spacer\" style=\"height: 25px;\" aria-hidden=\"true\">\u00a0<\/div>\r\n\r\n\r\n\r\n<h2 class=\"wp-block-heading\">ducha de aire<\/h2>\r\n\r\n\r\n\r\n<p>Air Showers are used to remove contaminate off personnel and equipment as they enter a clean environment or exit a contaminated environment. Air showers also create a protective barrier between the clean and contaminated areas. Features include HEPA filters on air flow, interlocked doors to prevent particulates from entering cleanroom. They also serve as air locks.<\/p>\r\n\r\n\r\n\r\n<div class=\"wp-block-spacer\" style=\"height: 25px;\" aria-hidden=\"true\">\u00a0<\/div>\r\n\r\n\r\n\r\n<h2 class=\"wp-block-heading\">Clasificaciones de Cuartos Limpios<\/h2>\r\n\r\n\r\n\r\n<p>Class 100 \u2013 less than 100 particles per cubic foot and 300-480 air changes per hour<\/p>\r\n\r\n\r\n\r\n<p>Class 1000 \u2013 less then 1000 particles per cubic foot and 180 air changes per hour<\/p>\r\n\r\n\r\n\r\n<p>Class 10000 \u2013 less then 10,000 particles per cubic foot 60 air changes per hour<\/p>\r\n\r\n\r\n\r\n<p>Class 100000 \u2013 less than 100,000 particles per cubic foot 20 air changes per hour<\/p>\r\n\r\n\r\n\r\n<div class=\"wp-block-spacer\" style=\"height: 25px;\" aria-hidden=\"true\">\u00a0<\/div>\r\n\r\n\r\n\r\n<h2 class=\"wp-block-heading\">Air lock<\/h2>\r\n\r\n\r\n\r\n<p>Airlock is composed of two doors that are electrically interlocked in such a way that the two cannot be opened simultaneously. Airlocks are used in a variety of situations but in essence they are there to control the unwanted passage from one area to another.<\/p>\r\n\r\n\r\n\r\n<p>Airlocks may be used to control the entry of personnel to a secure area such as a cleanroom, where dust or small particles may be a problem. Similarly if a constant temperature must be maintained then an airlock can be invaluable in reducing temperature fluctuations when doors are opened.<\/p>\r\n\r\n\r\n\r\n<p>Sometimes gowning rooms are used as air locks without the interlocked doors. The purpose remains the same \u2013 prevent particulates or non controlled air to enter the cleanroom. However the gowning room relies on procedure or light indicators to make sure.<\/p>\r\n\r\n\r\n\r\n<div class=\"wp-block-spacer\" style=\"height: 25px;\" aria-hidden=\"true\">\u00a0<\/div>\r\n\r\n\r\n\r\n<h2 class=\"wp-block-heading\">Magnahelic gauge<\/h2>\r\n\r\n\r\n\r\n<p>Magnahelic gauge are used in cleanrooms to measure the differential pressure between the cleanroom and ambient. Cleanrooms are typically positive pressure to ambient so particles will not enter the room.<\/p>\r\n\r\n\r\n\r\n<div class=\"wp-block-spacer\" style=\"height: 25px;\" aria-hidden=\"true\">\u00a0<\/div>\r\n\r\n\r\n\r\n<h2 class=\"wp-block-heading\">Laminar air flow<\/h2>\r\n\r\n\r\n\r\n<p>In laminar air flow the air tends to flow without lateral mixing, and adjacent layers slide past one another like playing cards. There are no cross-currents perpendicular to the direction of flow, nor eddies or swirls of air In laminar flow, the motion of the particles of the air is very orderly with all particles moving in straight lines.<\/p>\r\n\r\n\r\n\r\n<p>Well designed cleanrooms use ceiling mounted HEPA fan filter units and low wall air returns to achieve laminar air flow from ceiling to floor. This means air borne particulates are driven downward away from critical process areas and out of cleanroom instead of moving around cleanroom in turbulent air flow. This type of cleanroom is more effective in removing particules.<\/p>\r\n\r\n\r\n\r\n<div class=\"wp-block-spacer\" style=\"height: 25px;\" aria-hidden=\"true\">\u00a0<\/div>\r\n\r\n\r\n\r\n<h2 class=\"wp-block-heading\">Cleanroom Gowns<\/h2>\r\n\r\n\r\n\r\n<p>Workers typically wear non particulating cleanroom gowns and booties when working in cleanroom. They are either laundered by cleanroom laundry service or disposable. The level of gowning depends upon class of cleanroom and processes being performed. If facial hair is present than a beard\/mustache guard is also worn. In lower class cleanroom (class 100k) sometimes just lab jacket, hair net and booties are worn.<\/p>\r\n\r\n\r\n\r\n<div class=\"wp-block-spacer\" style=\"height: 25px;\" aria-hidden=\"true\">\u00a0<\/div>\r\n\r\n\r\n\r\n<h2 class=\"wp-block-heading\">Hardwall cleanrooms<\/h2>\r\n\r\n\r\n\r\n<p>Hard wall cleanroom give advantages of softwall cleanrooms because<\/p>\r\n\r\n\r\n\r\n<ul class=\"wp-block-list\">\r\n<li>Most common type of cleanroom<\/li>\r\n<li>Cleanable surfaces<\/li>\r\n<li>Can control temperature and humidity<\/li>\r\n<li>Can maintain positive air pressure<\/li>\r\n<li>Can have gowning rooms, air lock<\/li>\r\n<li>More durable<\/li>\r\n<\/ul>\r\n\r\n\r\n\r\n<div class=\"wp-block-spacer\" style=\"height: 25px;\" aria-hidden=\"true\">\u00a0<\/div>\r\n\r\n\r\n\r\n<h2 class=\"wp-block-heading\">Softwall cleanroom<\/h2>\r\n\r\n\r\n\r\n<ul class=\"wp-block-list\">\r\n<li>Lower cost<\/li>\r\n<li>Utilizes existing air conditioning<\/li>\r\n<li>Difficult to accommodate plumbing, gases, heat load, exhaust air<\/li>\r\n<li>Limitation on how big<\/li>\r\n<li>Cannot wipe down \/ clean<\/li>\r\n<li>Often portable (if small size)<\/li>\r\n<\/ul>\r\n\r\n\r\n\r\n<div class=\"wp-block-spacer\" style=\"height: 25px;\" aria-hidden=\"true\">\u00a0<\/div>","protected":false},"excerpt":{"rendered":"<p>Clean Room Technology HEPA filters HEPA filters are composed of a mat of randomly arranged fibres. The fibres are typically composed of fiberglass and possess diameters between 0.5 and 2.0 micrometers. Key factors affecting function are fibre diameter, filter thickness, and face velocity. The air space between HEPA filter fibres is much greater than 0.3\u00a0\u03bcm. [&hellip;]<\/p>\n","protected":false},"author":3,"featured_media":0,"parent":0,"menu_order":6,"comment_status":"closed","ping_status":"closed","template":"","meta":{"footnotes":""},"categories":[1],"cleanroom-knowledge-center":[],"class_list":["post-2920","page","type-page","status-publish","hentry","category-uncategorized"],"yoast_head":"<!-- This site is optimized with the Yoast SEO Premium plugin v27.5 (Yoast SEO v27.5) - https:\/\/yoast.com\/product\/yoast-seo-premium-wordpress\/ -->\n<title>Cleanroom Technology | American Cleanroom Systems<\/title>\n<meta name=\"description\" content=\"Along with every cleanroom comes the vast technology &amp; equipment required throughout. Learn about the essentials when working with cleanrooms here!\" \/>\n<meta name=\"robots\" content=\"index, follow, max-snippet:-1, max-image-preview:large, max-video-preview:-1\" \/>\n<link rel=\"canonical\" href=\"https:\/\/www.americancleanrooms.com\/es\/cleanroom-technology\/\" \/>\n<meta property=\"og:locale\" content=\"es_MX\" \/>\n<meta property=\"og:type\" content=\"article\" \/>\n<meta property=\"og:title\" content=\"Cleanroom Technology\" \/>\n<meta property=\"og:description\" content=\"Along with every cleanroom comes the vast technology &amp; equipment required throughout. Learn about the essentials when working with cleanrooms here!\" \/>\n<meta property=\"og:url\" content=\"https:\/\/www.americancleanrooms.com\/es\/cleanroom-technology\/\" \/>\n<meta property=\"og:site_name\" content=\"American Cleanroom Systems\" \/>\n<meta property=\"article:publisher\" content=\"https:\/\/www.facebook.com\/people\/American-Cleanroom-Systems\/100063797160544\/\" \/>\n<meta property=\"article:modified_time\" content=\"2022-10-17T16:56:59+00:00\" \/>\n<meta name=\"twitter:card\" content=\"summary_large_image\" \/>\n<meta name=\"twitter:site\" content=\"@CleanroomsACS\" \/>\n<script type=\"application\/ld+json\" class=\"yoast-schema-graph\">{\"@context\":\"https:\\\/\\\/schema.org\",\"@graph\":[{\"@type\":\"WebPage\",\"@id\":\"https:\\\/\\\/www.americancleanrooms.com\\\/cleanroom-technology\\\/\",\"url\":\"https:\\\/\\\/www.americancleanrooms.com\\\/cleanroom-technology\\\/\",\"name\":\"Cleanroom Technology | American Cleanroom Systems\",\"isPartOf\":{\"@id\":\"https:\\\/\\\/www.americancleanrooms.com\\\/#website\"},\"datePublished\":\"2015-06-05T20:58:38+00:00\",\"dateModified\":\"2022-10-17T16:56:59+00:00\",\"description\":\"Along with every cleanroom comes the vast technology & equipment required throughout. Learn about the essentials when working with cleanrooms here!\",\"breadcrumb\":{\"@id\":\"https:\\\/\\\/www.americancleanrooms.com\\\/cleanroom-technology\\\/#breadcrumb\"},\"inLanguage\":\"es\",\"potentialAction\":[{\"@type\":\"ReadAction\",\"target\":[\"https:\\\/\\\/www.americancleanrooms.com\\\/cleanroom-technology\\\/\"]}]},{\"@type\":\"BreadcrumbList\",\"@id\":\"https:\\\/\\\/www.americancleanrooms.com\\\/cleanroom-technology\\\/#breadcrumb\",\"itemListElement\":[{\"@type\":\"ListItem\",\"position\":1,\"name\":\"Home\",\"item\":\"https:\\\/\\\/www.americancleanrooms.com\\\/\"},{\"@type\":\"ListItem\",\"position\":2,\"name\":\"Cleanroom Technology\"}]},{\"@type\":\"WebSite\",\"@id\":\"https:\\\/\\\/www.americancleanrooms.com\\\/#website\",\"url\":\"https:\\\/\\\/www.americancleanrooms.com\\\/\",\"name\":\"American Cleanroom Systems\",\"description\":\"\",\"publisher\":{\"@id\":\"https:\\\/\\\/www.americancleanrooms.com\\\/#organization\"},\"potentialAction\":[{\"@type\":\"SearchAction\",\"target\":{\"@type\":\"EntryPoint\",\"urlTemplate\":\"https:\\\/\\\/www.americancleanrooms.com\\\/?s={search_term_string}\"},\"query-input\":{\"@type\":\"PropertyValueSpecification\",\"valueRequired\":true,\"valueName\":\"search_term_string\"}}],\"inLanguage\":\"es\"},{\"@type\":\"Organization\",\"@id\":\"https:\\\/\\\/www.americancleanrooms.com\\\/#organization\",\"name\":\"American Cleanroom Systems\",\"url\":\"https:\\\/\\\/www.americancleanrooms.com\\\/\",\"logo\":{\"@type\":\"ImageObject\",\"inLanguage\":\"es\",\"@id\":\"https:\\\/\\\/www.americancleanrooms.com\\\/#\\\/schema\\\/logo\\\/image\\\/\",\"url\":\"https:\\\/\\\/www.americancleanrooms.com\\\/wp-content\\\/uploads\\\/2026\\\/03\\\/schema-logo.png\",\"contentUrl\":\"https:\\\/\\\/www.americancleanrooms.com\\\/wp-content\\\/uploads\\\/2026\\\/03\\\/schema-logo.png\",\"width\":112,\"height\":112,\"caption\":\"American Cleanroom Systems\"},\"image\":{\"@id\":\"https:\\\/\\\/www.americancleanrooms.com\\\/#\\\/schema\\\/logo\\\/image\\\/\"},\"sameAs\":[\"https:\\\/\\\/www.facebook.com\\\/people\\\/American-Cleanroom-Systems\\\/100063797160544\\\/\",\"https:\\\/\\\/x.com\\\/CleanroomsACS\",\"https:\\\/\\\/www.linkedin.com\\\/company\\\/american-cleanroom-systems\\\/\",\"https:\\\/\\\/www.youtube.com\\\/channel\\\/UCsonjp4qkAjEhUFhYJttmHg\",\"https:\\\/\\\/www.tiktok.com\\\/@cleanroomssystemamerican\"],\"description\":\"American Cleanroom Systems\u00ae is a certified team of experts, specializing in the manufacturing and design of Class 100 to Class 100,000 modular cleanrooms for a vast array of industries. For more than 40 years, American Cleanroom Systems has provided premium quality cleanroom services and customer service.\",\"email\":\"Info@AmericanCleanrooms.com\",\"telephone\":\"949.589.5656\",\"legalName\":\"American Cleanroom Systems\u00ae\"}]}<\/script>\n<!-- \/ Yoast SEO Premium plugin. -->","yoast_head_json":{"title":"Cleanroom Technology | American Cleanroom Systems","description":"Along with every cleanroom comes the vast technology & equipment required throughout. Learn about the essentials when working with cleanrooms here!","robots":{"index":"index","follow":"follow","max-snippet":"max-snippet:-1","max-image-preview":"max-image-preview:large","max-video-preview":"max-video-preview:-1"},"canonical":"https:\/\/www.americancleanrooms.com\/es\/cleanroom-technology\/","og_locale":"es_MX","og_type":"article","og_title":"Cleanroom Technology","og_description":"Along with every cleanroom comes the vast technology & equipment required throughout. Learn about the essentials when working with cleanrooms here!","og_url":"https:\/\/www.americancleanrooms.com\/es\/cleanroom-technology\/","og_site_name":"American Cleanroom Systems","article_publisher":"https:\/\/www.facebook.com\/people\/American-Cleanroom-Systems\/100063797160544\/","article_modified_time":"2022-10-17T16:56:59+00:00","twitter_card":"summary_large_image","twitter_site":"@CleanroomsACS","schema":{"@context":"https:\/\/schema.org","@graph":[{"@type":"WebPage","@id":"https:\/\/www.americancleanrooms.com\/cleanroom-technology\/","url":"https:\/\/www.americancleanrooms.com\/cleanroom-technology\/","name":"Cleanroom Technology | American Cleanroom Systems","isPartOf":{"@id":"https:\/\/www.americancleanrooms.com\/#website"},"datePublished":"2015-06-05T20:58:38+00:00","dateModified":"2022-10-17T16:56:59+00:00","description":"Along with every cleanroom comes the vast technology & equipment required throughout. Learn about the essentials when working with cleanrooms here!","breadcrumb":{"@id":"https:\/\/www.americancleanrooms.com\/cleanroom-technology\/#breadcrumb"},"inLanguage":"es","potentialAction":[{"@type":"ReadAction","target":["https:\/\/www.americancleanrooms.com\/cleanroom-technology\/"]}]},{"@type":"BreadcrumbList","@id":"https:\/\/www.americancleanrooms.com\/cleanroom-technology\/#breadcrumb","itemListElement":[{"@type":"ListItem","position":1,"name":"Home","item":"https:\/\/www.americancleanrooms.com\/"},{"@type":"ListItem","position":2,"name":"Cleanroom Technology"}]},{"@type":"WebSite","@id":"https:\/\/www.americancleanrooms.com\/#website","url":"https:\/\/www.americancleanrooms.com\/","name":"American Cleanroom Systems","description":"","publisher":{"@id":"https:\/\/www.americancleanrooms.com\/#organization"},"potentialAction":[{"@type":"SearchAction","target":{"@type":"EntryPoint","urlTemplate":"https:\/\/www.americancleanrooms.com\/?s={search_term_string}"},"query-input":{"@type":"PropertyValueSpecification","valueRequired":true,"valueName":"search_term_string"}}],"inLanguage":"es"},{"@type":"Organization","@id":"https:\/\/www.americancleanrooms.com\/#organization","name":"American Cleanroom Systems","url":"https:\/\/www.americancleanrooms.com\/","logo":{"@type":"ImageObject","inLanguage":"es","@id":"https:\/\/www.americancleanrooms.com\/#\/schema\/logo\/image\/","url":"https:\/\/www.americancleanrooms.com\/wp-content\/uploads\/2026\/03\/schema-logo.png","contentUrl":"https:\/\/www.americancleanrooms.com\/wp-content\/uploads\/2026\/03\/schema-logo.png","width":112,"height":112,"caption":"American Cleanroom Systems"},"image":{"@id":"https:\/\/www.americancleanrooms.com\/#\/schema\/logo\/image\/"},"sameAs":["https:\/\/www.facebook.com\/people\/American-Cleanroom-Systems\/100063797160544\/","https:\/\/x.com\/CleanroomsACS","https:\/\/www.linkedin.com\/company\/american-cleanroom-systems\/","https:\/\/www.youtube.com\/channel\/UCsonjp4qkAjEhUFhYJttmHg","https:\/\/www.tiktok.com\/@cleanroomssystemamerican"],"description":"American Cleanroom Systems\u00ae es un equipo certificado de expertos, que se especializa en la fabricaci\u00f3n y el dise\u00f1o de cuarto limpios modulares de Clase 100 a Clase 100,000 para una amplia gama de industrias. Durante m\u00e1s de 40 a\u00f1os, American Cleanroom Systems ha brindado servicios de cuarto limpio y servicio al cliente de primera calidad.","email":"Info@AmericanCleanrooms.com","telephone":"949.589.5656","legalName":"American Cleanroom Systems\u00ae"}]}},"_links":{"self":[{"href":"https:\/\/www.americancleanrooms.com\/es\/wp-json\/wp\/v2\/pages\/2920","targetHints":{"allow":["GET"]}}],"collection":[{"href":"https:\/\/www.americancleanrooms.com\/es\/wp-json\/wp\/v2\/pages"}],"about":[{"href":"https:\/\/www.americancleanrooms.com\/es\/wp-json\/wp\/v2\/types\/page"}],"author":[{"embeddable":true,"href":"https:\/\/www.americancleanrooms.com\/es\/wp-json\/wp\/v2\/users\/3"}],"replies":[{"embeddable":true,"href":"https:\/\/www.americancleanrooms.com\/es\/wp-json\/wp\/v2\/comments?post=2920"}],"version-history":[{"count":0,"href":"https:\/\/www.americancleanrooms.com\/es\/wp-json\/wp\/v2\/pages\/2920\/revisions"}],"wp:attachment":[{"href":"https:\/\/www.americancleanrooms.com\/es\/wp-json\/wp\/v2\/media?parent=2920"}],"wp:term":[{"taxonomy":"category","embeddable":true,"href":"https:\/\/www.americancleanrooms.com\/es\/wp-json\/wp\/v2\/categories?post=2920"},{"taxonomy":"cleanroom-knowledge-center","embeddable":true,"href":"https:\/\/www.americancleanrooms.com\/es\/wp-json\/wp\/v2\/cleanroom-knowledge-center?post=2920"}],"curies":[{"name":"wp","href":"https:\/\/api.w.org\/{rel}","templated":true}]}}