{"id":5439,"date":"2020-01-24T07:28:01","date_gmt":"2020-01-24T15:28:01","guid":{"rendered":"https:\/\/americancleanrooms.com\/?page_id=5439"},"modified":"2025-12-24T05:03:39","modified_gmt":"2025-12-24T13:03:39","slug":"clean-room-manufacturing-in-arizona","status":"publish","type":"page","link":"https:\/\/www.americancleanrooms.com\/es\/clean-room-manufacturing-in-arizona\/","title":{"rendered":"Modular Cleanroom Manufacturing in Arizona"},"content":{"rendered":"<p>Cleanroom Design & Manufacturing<br \/>\nAmerican Cleanrooms Systems is an Arizona Licensed General Contractor Specializing in Cleanrooms<\/p>\n<p>American Cleanroom Systems is a certified team of experts, that has been specializing in the manufacturing and installation of quality class 100-100k\/ ISO5-8 modular cleanrooms since 1976.<\/p>\n<p>From Planning to Building, American Cleanroom Systems is your trusted partner offering services ranging from Cleanroom Design and Engineering to Modular Cleanroom Manufacturing, Construction and Installation for highly specialized industries including: Pharmaceuticals, Medical Device, Electronics, Industrial, CBD and E-Liquid.<\/p>\n<p>American Cleanrooms blue-chip customer list includes:<\/p>\n<p>Allergan, Baxter, Johnson & Johnson, Medtronic<br \/>\nApple, Boeing, Facebook Raytheon<br \/>\nLos Alamos National Laboratory, NIST, US Air Force, US Navy.<\/p>\n<p>American Cleanrooms holds a state of Arizona B-1 General Commercial Contractors license #ROC323962 which is required to install cleanrooms in the state of Arizona.<\/p>\n<p>Cleanroom Specifications and Requirements<\/p>\n<p>Call: (949)589-5656, Email: info@americancleanrooms.com or<br \/>\nComplete the Online Form to Receive a Quote!<br \/>\nMe dieron la confianza de que entienden su negocio. Su respuesta y tiempo de reacci\u00f3n a cada ensayo fueron inmediatos y correctos. Definitivamente trabajar\u00e9 con usted en futuros proyectos.<\/p>\n<p>Juergen R&D 930 SF Class 10k, 2,051 SF Class 10k, 675 SF Class 10k, 4,426 SF Class 100, 830 SF Class 1000<\/p>\n<p>I selected ACS for our modular cleanroom application based on Product Quality and Price. I discussed the options available from each of the companies I had quote the project.\u00a0 I felt ACS had the best solution for our needs.<\/p>\n<p>Vic 384 S.F. IS07 Medical device<\/p>","protected":false},"excerpt":{"rendered":"<p>Cleanroom Design &#038; Manufacturing American Cleanrooms Systems is an Arizona Licensed General Contractor Specializing in Cleanrooms American Cleanroom Systems is a certified team of experts, that has been specializing in the manufacturing and installation of quality class 100-100k\/ ISO5-8 modular cleanrooms since 1976. From Planning to Building, American Cleanroom Systems is your trusted partner offering [&hellip;]<\/p>\n","protected":false},"author":3,"featured_media":0,"parent":0,"menu_order":0,"comment_status":"closed","ping_status":"closed","template":"","meta":{"footnotes":""},"categories":[1],"cleanroom-knowledge-center":[],"class_list":["post-5439","page","type-page","status-publish","hentry","category-uncategorized"],"yoast_head":"<!-- This site is optimized with the Yoast SEO Premium plugin v27.3 (Yoast SEO v27.3) - https:\/\/yoast.com\/product\/yoast-seo-premium-wordpress\/ -->\n<title>Modular Cleanroom Manufacturing in Arizona<\/title>\n<meta name=\"description\" content=\"We are cleanroom experts, specializing in the design, manufacturing and installation of modular cleanrooms. Licensed in Arizona.\" \/>\n<meta name=\"robots\" content=\"index, follow, max-snippet:-1, max-image-preview:large, max-video-preview:-1\" \/>\n<link rel=\"canonical\" href=\"https:\/\/www.americancleanrooms.com\/es\/clean-room-manufacturing-in-arizona\/\" \/>\n<meta property=\"og:locale\" content=\"es_MX\" \/>\n<meta property=\"og:type\" content=\"article\" \/>\n<meta property=\"og:title\" content=\"Modular Cleanroom Manufacturing in Arizona\" \/>\n<meta property=\"og:description\" content=\"We are cleanroom experts, specializing in the design, manufacturing and installation of modular cleanrooms. Licensed in Arizona.\" \/>\n<meta property=\"og:url\" content=\"https:\/\/www.americancleanrooms.com\/es\/clean-room-manufacturing-in-arizona\/\" \/>\n<meta property=\"og:site_name\" content=\"American Cleanroom Systems\" \/>\n<meta property=\"article:publisher\" content=\"https:\/\/www.facebook.com\/people\/American-Cleanroom-Systems\/100063797160544\/\" \/>\n<meta property=\"article:modified_time\" content=\"2025-12-24T13:03:39+00:00\" \/>\n<meta name=\"twitter:card\" content=\"summary_large_image\" \/>\n<meta name=\"twitter:site\" content=\"@CleanroomsACS\" \/>\n<script type=\"application\/ld+json\" class=\"yoast-schema-graph\">{\"@context\":\"https:\\\/\\\/schema.org\",\"@graph\":[{\"@type\":\"WebPage\",\"@id\":\"https:\\\/\\\/www.americancleanrooms.com\\\/clean-room-manufacturing-in-arizona\\\/\",\"url\":\"https:\\\/\\\/www.americancleanrooms.com\\\/clean-room-manufacturing-in-arizona\\\/\",\"name\":\"Modular Cleanroom Manufacturing in Arizona\",\"isPartOf\":{\"@id\":\"https:\\\/\\\/www.americancleanrooms.com\\\/#website\"},\"datePublished\":\"2020-01-24T15:28:01+00:00\",\"dateModified\":\"2025-12-24T13:03:39+00:00\",\"description\":\"We are cleanroom experts, specializing in the design, manufacturing and installation of modular cleanrooms. Licensed in Arizona.\",\"breadcrumb\":{\"@id\":\"https:\\\/\\\/www.americancleanrooms.com\\\/clean-room-manufacturing-in-arizona\\\/#breadcrumb\"},\"inLanguage\":\"es\",\"potentialAction\":[{\"@type\":\"ReadAction\",\"target\":[\"https:\\\/\\\/www.americancleanrooms.com\\\/clean-room-manufacturing-in-arizona\\\/\"]}]},{\"@type\":\"BreadcrumbList\",\"@id\":\"https:\\\/\\\/www.americancleanrooms.com\\\/clean-room-manufacturing-in-arizona\\\/#breadcrumb\",\"itemListElement\":[{\"@type\":\"ListItem\",\"position\":1,\"name\":\"Home\",\"item\":\"https:\\\/\\\/www.americancleanrooms.com\\\/\"},{\"@type\":\"ListItem\",\"position\":2,\"name\":\"Modular Cleanroom Manufacturing in Arizona\"}]},{\"@type\":\"WebSite\",\"@id\":\"https:\\\/\\\/www.americancleanrooms.com\\\/#website\",\"url\":\"https:\\\/\\\/www.americancleanrooms.com\\\/\",\"name\":\"American Cleanroom Systems\",\"description\":\"\",\"publisher\":{\"@id\":\"https:\\\/\\\/www.americancleanrooms.com\\\/#organization\"},\"potentialAction\":[{\"@type\":\"SearchAction\",\"target\":{\"@type\":\"EntryPoint\",\"urlTemplate\":\"https:\\\/\\\/www.americancleanrooms.com\\\/?s={search_term_string}\"},\"query-input\":{\"@type\":\"PropertyValueSpecification\",\"valueRequired\":true,\"valueName\":\"search_term_string\"}}],\"inLanguage\":\"es\"},{\"@type\":\"Organization\",\"@id\":\"https:\\\/\\\/www.americancleanrooms.com\\\/#organization\",\"name\":\"American Cleanroom Systems\",\"url\":\"https:\\\/\\\/www.americancleanrooms.com\\\/\",\"logo\":{\"@type\":\"ImageObject\",\"inLanguage\":\"es\",\"@id\":\"https:\\\/\\\/www.americancleanrooms.com\\\/#\\\/schema\\\/logo\\\/image\\\/\",\"url\":\"https:\\\/\\\/www.americancleanrooms.com\\\/wp-content\\\/uploads\\\/2026\\\/03\\\/schema-logo.png\",\"contentUrl\":\"https:\\\/\\\/www.americancleanrooms.com\\\/wp-content\\\/uploads\\\/2026\\\/03\\\/schema-logo.png\",\"width\":112,\"height\":112,\"caption\":\"American Cleanroom Systems\"},\"image\":{\"@id\":\"https:\\\/\\\/www.americancleanrooms.com\\\/#\\\/schema\\\/logo\\\/image\\\/\"},\"sameAs\":[\"https:\\\/\\\/www.facebook.com\\\/people\\\/American-Cleanroom-Systems\\\/100063797160544\\\/\",\"https:\\\/\\\/x.com\\\/CleanroomsACS\",\"https:\\\/\\\/www.linkedin.com\\\/company\\\/american-cleanroom-systems\\\/\",\"https:\\\/\\\/www.youtube.com\\\/channel\\\/UCsonjp4qkAjEhUFhYJttmHg\",\"https:\\\/\\\/www.tiktok.com\\\/@cleanroomssystemamerican\"],\"description\":\"American Cleanroom Systems\u00ae is a certified team of experts, specializing in the manufacturing and design of Class 100 to Class 100,000 modular cleanrooms for a vast array of industries. For more than 40 years, American Cleanroom Systems has provided premium quality cleanroom services and customer service.\",\"email\":\"Info@AmericanCleanrooms.com\",\"telephone\":\"949.589.5656\",\"legalName\":\"American Cleanroom Systems\u00ae\"}]}<\/script>\n<!-- \/ Yoast SEO Premium plugin. -->","yoast_head_json":{"title":"Modular Cleanroom Manufacturing in Arizona","description":"We are cleanroom experts, specializing in the design, manufacturing and installation of modular cleanrooms. Licensed in Arizona.","robots":{"index":"index","follow":"follow","max-snippet":"max-snippet:-1","max-image-preview":"max-image-preview:large","max-video-preview":"max-video-preview:-1"},"canonical":"https:\/\/www.americancleanrooms.com\/es\/clean-room-manufacturing-in-arizona\/","og_locale":"es_MX","og_type":"article","og_title":"Modular Cleanroom Manufacturing in Arizona","og_description":"We are cleanroom experts, specializing in the design, manufacturing and installation of modular cleanrooms. Licensed in Arizona.","og_url":"https:\/\/www.americancleanrooms.com\/es\/clean-room-manufacturing-in-arizona\/","og_site_name":"American Cleanroom Systems","article_publisher":"https:\/\/www.facebook.com\/people\/American-Cleanroom-Systems\/100063797160544\/","article_modified_time":"2025-12-24T13:03:39+00:00","twitter_card":"summary_large_image","twitter_site":"@CleanroomsACS","schema":{"@context":"https:\/\/schema.org","@graph":[{"@type":"WebPage","@id":"https:\/\/www.americancleanrooms.com\/clean-room-manufacturing-in-arizona\/","url":"https:\/\/www.americancleanrooms.com\/clean-room-manufacturing-in-arizona\/","name":"Modular Cleanroom Manufacturing in Arizona","isPartOf":{"@id":"https:\/\/www.americancleanrooms.com\/#website"},"datePublished":"2020-01-24T15:28:01+00:00","dateModified":"2025-12-24T13:03:39+00:00","description":"We are cleanroom experts, specializing in the design, manufacturing and installation of modular cleanrooms. Licensed in Arizona.","breadcrumb":{"@id":"https:\/\/www.americancleanrooms.com\/clean-room-manufacturing-in-arizona\/#breadcrumb"},"inLanguage":"es","potentialAction":[{"@type":"ReadAction","target":["https:\/\/www.americancleanrooms.com\/clean-room-manufacturing-in-arizona\/"]}]},{"@type":"BreadcrumbList","@id":"https:\/\/www.americancleanrooms.com\/clean-room-manufacturing-in-arizona\/#breadcrumb","itemListElement":[{"@type":"ListItem","position":1,"name":"Home","item":"https:\/\/www.americancleanrooms.com\/"},{"@type":"ListItem","position":2,"name":"Modular Cleanroom Manufacturing in Arizona"}]},{"@type":"WebSite","@id":"https:\/\/www.americancleanrooms.com\/#website","url":"https:\/\/www.americancleanrooms.com\/","name":"American Cleanroom Systems","description":"","publisher":{"@id":"https:\/\/www.americancleanrooms.com\/#organization"},"potentialAction":[{"@type":"SearchAction","target":{"@type":"EntryPoint","urlTemplate":"https:\/\/www.americancleanrooms.com\/?s={search_term_string}"},"query-input":{"@type":"PropertyValueSpecification","valueRequired":true,"valueName":"search_term_string"}}],"inLanguage":"es"},{"@type":"Organization","@id":"https:\/\/www.americancleanrooms.com\/#organization","name":"American Cleanroom Systems","url":"https:\/\/www.americancleanrooms.com\/","logo":{"@type":"ImageObject","inLanguage":"es","@id":"https:\/\/www.americancleanrooms.com\/#\/schema\/logo\/image\/","url":"https:\/\/www.americancleanrooms.com\/wp-content\/uploads\/2026\/03\/schema-logo.png","contentUrl":"https:\/\/www.americancleanrooms.com\/wp-content\/uploads\/2026\/03\/schema-logo.png","width":112,"height":112,"caption":"American Cleanroom Systems"},"image":{"@id":"https:\/\/www.americancleanrooms.com\/#\/schema\/logo\/image\/"},"sameAs":["https:\/\/www.facebook.com\/people\/American-Cleanroom-Systems\/100063797160544\/","https:\/\/x.com\/CleanroomsACS","https:\/\/www.linkedin.com\/company\/american-cleanroom-systems\/","https:\/\/www.youtube.com\/channel\/UCsonjp4qkAjEhUFhYJttmHg","https:\/\/www.tiktok.com\/@cleanroomssystemamerican"],"description":"American Cleanroom Systems\u00ae es un equipo certificado de expertos, que se especializa en la fabricaci\u00f3n y el dise\u00f1o de cuarto limpios modulares de Clase 100 a Clase 100,000 para una amplia gama de industrias. Durante m\u00e1s de 40 a\u00f1os, American Cleanroom Systems ha brindado servicios de cuarto limpio y servicio al cliente de primera calidad.","email":"Info@AmericanCleanrooms.com","telephone":"949.589.5656","legalName":"American Cleanroom Systems\u00ae"}]}},"_links":{"self":[{"href":"https:\/\/www.americancleanrooms.com\/es\/wp-json\/wp\/v2\/pages\/5439","targetHints":{"allow":["GET"]}}],"collection":[{"href":"https:\/\/www.americancleanrooms.com\/es\/wp-json\/wp\/v2\/pages"}],"about":[{"href":"https:\/\/www.americancleanrooms.com\/es\/wp-json\/wp\/v2\/types\/page"}],"author":[{"embeddable":true,"href":"https:\/\/www.americancleanrooms.com\/es\/wp-json\/wp\/v2\/users\/3"}],"replies":[{"embeddable":true,"href":"https:\/\/www.americancleanrooms.com\/es\/wp-json\/wp\/v2\/comments?post=5439"}],"version-history":[{"count":0,"href":"https:\/\/www.americancleanrooms.com\/es\/wp-json\/wp\/v2\/pages\/5439\/revisions"}],"wp:attachment":[{"href":"https:\/\/www.americancleanrooms.com\/es\/wp-json\/wp\/v2\/media?parent=5439"}],"wp:term":[{"taxonomy":"category","embeddable":true,"href":"https:\/\/www.americancleanrooms.com\/es\/wp-json\/wp\/v2\/categories?post=5439"},{"taxonomy":"cleanroom-knowledge-center","embeddable":true,"href":"https:\/\/www.americancleanrooms.com\/es\/wp-json\/wp\/v2\/cleanroom-knowledge-center?post=5439"}],"curies":[{"name":"wp","href":"https:\/\/api.w.org\/{rel}","templated":true}]}}