{"id":9140,"date":"2022-02-17T14:21:31","date_gmt":"2022-02-17T22:21:31","guid":{"rendered":"https:\/\/www.americancleanrooms.com\/?page_id=9140"},"modified":"2026-03-19T13:49:50","modified_gmt":"2026-03-19T20:49:50","slug":"pharmaceutical-cleanrooms","status":"publish","type":"page","link":"https:\/\/www.americancleanrooms.com\/es\/cuartos-limpios-farmaceuticos\/","title":{"rendered":"Cuartos limpios farmac\u00e9uticos"},"content":{"rendered":"<p>Pharmaceutical cleanrooms are strictly regulated by the FDA in the U.S. and the EMA in Europe, and must comply with CGMP (Current Good Manufacturing Practice) standards. CGMP focuses on the \u201c5 P\u2019s\u201d of quality\u2014people, premises, processes, products, and procedures\u2014to ensure safety and consistency in pharmaceutical production.<\/p>\n<p>American Cleanroom Systems designs and manufactures modular pharmaceutical cleanrooms that meet FDA and CGMP validation requirements. Typical pharmaceutical cleanroom features include FRP modular walls, HEPA fan filter units, FRP ceilings, heat-welded vinyl floors, interlocked gown and transfer rooms, and temperature\/humidity control.<\/p>\n<p>These cleanrooms range from Class 100\/ISO 5 filling rooms to lower-class formulation and support areas. Easy modification, fast delivery, and proven materials make American Cleanroom Systems a trusted provider for pharmaceutical companies such as AbbVie, Allergan, Baxter, Bausch &amp; Lomb, Johnson &amp; Johnson, Roche Diagnostics, and Regeneron Pharmaceuticals.<\/p>","protected":false},"excerpt":{"rendered":"<p>Pharmaceutical cleanrooms are strictly regulated by the FDA in the U.S. and the EMA in Europe, and must comply with CGMP (Current Good Manufacturing Practice) standards. CGMP focuses on the \u201c5 P\u2019s\u201d of quality\u2014people, premises, processes, products, and procedures\u2014to ensure safety and consistency in pharmaceutical production. American Cleanroom Systems designs and manufactures modular pharmaceutical cleanrooms [&hellip;]<\/p>\n","protected":false},"author":3,"featured_media":8712,"parent":0,"menu_order":12,"comment_status":"closed","ping_status":"closed","template":"","meta":{"footnotes":""},"categories":[51],"cleanroom-knowledge-center":[],"class_list":["post-9140","page","type-page","status-publish","has-post-thumbnail","hentry","category-cleanrooms-sidebar"],"yoast_head":"<!-- This site is optimized with the Yoast SEO Premium plugin v27.3 (Yoast SEO v27.3) - https:\/\/yoast.com\/product\/yoast-seo-premium-wordpress\/ -->\n<title>Pharmaceutical Cleanroom | American Cleanroom Systems\u00ae<\/title>\n<meta name=\"description\" content=\"American Cleanroom Systems modular cleanroom systems have been used by numerous pharmaceutical manufacturers for their CGMP FDA validation cleanrooms. Pharmaceutical filling rooms are typically class 100\/ISO5. See more of our cleanrooms projects.\" \/>\n<meta name=\"robots\" content=\"index, follow, max-snippet:-1, max-image-preview:large, max-video-preview:-1\" \/>\n<link rel=\"canonical\" href=\"https:\/\/www.americancleanrooms.com\/es\/cuartos-limpios-farmaceuticos\/\" \/>\n<meta property=\"og:locale\" content=\"es_MX\" \/>\n<meta property=\"og:type\" content=\"article\" \/>\n<meta property=\"og:title\" content=\"Pharmaceutical Cleanrooms\" \/>\n<meta property=\"og:description\" content=\"American Cleanroom Systems modular cleanroom systems have been used by numerous pharmaceutical manufacturers for their CGMP FDA validation cleanrooms. Pharmaceutical filling rooms are typically class 100\/ISO5. See more of our cleanrooms projects.\" \/>\n<meta property=\"og:url\" content=\"https:\/\/www.americancleanrooms.com\/es\/cuartos-limpios-farmaceuticos\/\" \/>\n<meta property=\"og:site_name\" content=\"American Cleanroom Systems\" \/>\n<meta property=\"article:publisher\" content=\"https:\/\/www.facebook.com\/people\/American-Cleanroom-Systems\/100063797160544\/\" \/>\n<meta property=\"article:modified_time\" content=\"2026-03-19T20:49:50+00:00\" \/>\n<meta property=\"og:image\" content=\"https:\/\/www.americancleanrooms.com\/wp-content\/uploads\/2021\/05\/Softwall-Cleanrooms-featured-image.jpg\" \/>\n\t<meta property=\"og:image:width\" content=\"500\" \/>\n\t<meta property=\"og:image:height\" content=\"500\" \/>\n\t<meta property=\"og:image:type\" content=\"image\/jpeg\" \/>\n<meta name=\"twitter:card\" content=\"summary_large_image\" \/>\n<meta name=\"twitter:site\" content=\"@CleanroomsACS\" \/>\n<script type=\"application\/ld+json\" class=\"yoast-schema-graph\">{\"@context\":\"https:\\\/\\\/schema.org\",\"@graph\":[{\"@type\":\"WebPage\",\"@id\":\"https:\\\/\\\/www.americancleanrooms.com\\\/pharmaceutical-cleanrooms\\\/\",\"url\":\"https:\\\/\\\/www.americancleanrooms.com\\\/pharmaceutical-cleanrooms\\\/\",\"name\":\"Pharmaceutical Cleanroom | American Cleanroom Systems\u00ae\",\"isPartOf\":{\"@id\":\"https:\\\/\\\/www.americancleanrooms.com\\\/#website\"},\"primaryImageOfPage\":{\"@id\":\"https:\\\/\\\/www.americancleanrooms.com\\\/pharmaceutical-cleanrooms\\\/#primaryimage\"},\"image\":{\"@id\":\"https:\\\/\\\/www.americancleanrooms.com\\\/pharmaceutical-cleanrooms\\\/#primaryimage\"},\"thumbnailUrl\":\"https:\\\/\\\/www.americancleanrooms.com\\\/wp-content\\\/uploads\\\/2021\\\/05\\\/Softwall-Cleanrooms-featured-image.jpg\",\"datePublished\":\"2022-02-17T22:21:31+00:00\",\"dateModified\":\"2026-03-19T20:49:50+00:00\",\"description\":\"American Cleanroom Systems modular cleanroom systems have been used by numerous pharmaceutical manufacturers for their CGMP FDA validation cleanrooms. Pharmaceutical filling rooms are typically class 100\\\/ISO5. See more of our cleanrooms projects.\",\"breadcrumb\":{\"@id\":\"https:\\\/\\\/www.americancleanrooms.com\\\/pharmaceutical-cleanrooms\\\/#breadcrumb\"},\"inLanguage\":\"es\",\"potentialAction\":[{\"@type\":\"ReadAction\",\"target\":[\"https:\\\/\\\/www.americancleanrooms.com\\\/pharmaceutical-cleanrooms\\\/\"]}]},{\"@type\":\"ImageObject\",\"inLanguage\":\"es\",\"@id\":\"https:\\\/\\\/www.americancleanrooms.com\\\/pharmaceutical-cleanrooms\\\/#primaryimage\",\"url\":\"https:\\\/\\\/www.americancleanrooms.com\\\/wp-content\\\/uploads\\\/2021\\\/05\\\/Softwall-Cleanrooms-featured-image.jpg\",\"contentUrl\":\"https:\\\/\\\/www.americancleanrooms.com\\\/wp-content\\\/uploads\\\/2021\\\/05\\\/Softwall-Cleanrooms-featured-image.jpg\",\"width\":500,\"height\":500,\"caption\":\"High bay hybrid cleanroom, 16 foot internal ceiling, 3 modular cleanroom walls, 1 softwall\"},{\"@type\":\"BreadcrumbList\",\"@id\":\"https:\\\/\\\/www.americancleanrooms.com\\\/pharmaceutical-cleanrooms\\\/#breadcrumb\",\"itemListElement\":[{\"@type\":\"ListItem\",\"position\":1,\"name\":\"Home\",\"item\":\"https:\\\/\\\/www.americancleanrooms.com\\\/\"},{\"@type\":\"ListItem\",\"position\":2,\"name\":\"Pharmaceutical Cleanrooms\"}]},{\"@type\":\"WebSite\",\"@id\":\"https:\\\/\\\/www.americancleanrooms.com\\\/#website\",\"url\":\"https:\\\/\\\/www.americancleanrooms.com\\\/\",\"name\":\"American Cleanroom Systems\",\"description\":\"\",\"publisher\":{\"@id\":\"https:\\\/\\\/www.americancleanrooms.com\\\/#organization\"},\"potentialAction\":[{\"@type\":\"SearchAction\",\"target\":{\"@type\":\"EntryPoint\",\"urlTemplate\":\"https:\\\/\\\/www.americancleanrooms.com\\\/?s={search_term_string}\"},\"query-input\":{\"@type\":\"PropertyValueSpecification\",\"valueRequired\":true,\"valueName\":\"search_term_string\"}}],\"inLanguage\":\"es\"},{\"@type\":\"Organization\",\"@id\":\"https:\\\/\\\/www.americancleanrooms.com\\\/#organization\",\"name\":\"American Cleanroom Systems\",\"url\":\"https:\\\/\\\/www.americancleanrooms.com\\\/\",\"logo\":{\"@type\":\"ImageObject\",\"inLanguage\":\"es\",\"@id\":\"https:\\\/\\\/www.americancleanrooms.com\\\/#\\\/schema\\\/logo\\\/image\\\/\",\"url\":\"https:\\\/\\\/www.americancleanrooms.com\\\/wp-content\\\/uploads\\\/2026\\\/03\\\/schema-logo.png\",\"contentUrl\":\"https:\\\/\\\/www.americancleanrooms.com\\\/wp-content\\\/uploads\\\/2026\\\/03\\\/schema-logo.png\",\"width\":112,\"height\":112,\"caption\":\"American Cleanroom Systems\"},\"image\":{\"@id\":\"https:\\\/\\\/www.americancleanrooms.com\\\/#\\\/schema\\\/logo\\\/image\\\/\"},\"sameAs\":[\"https:\\\/\\\/www.facebook.com\\\/people\\\/American-Cleanroom-Systems\\\/100063797160544\\\/\",\"https:\\\/\\\/x.com\\\/CleanroomsACS\",\"https:\\\/\\\/www.linkedin.com\\\/company\\\/american-cleanroom-systems\\\/\",\"https:\\\/\\\/www.youtube.com\\\/channel\\\/UCsonjp4qkAjEhUFhYJttmHg\",\"https:\\\/\\\/www.tiktok.com\\\/@cleanroomssystemamerican\"],\"description\":\"American Cleanroom Systems\u00ae is a certified team of experts, specializing in the manufacturing and design of Class 100 to Class 100,000 modular cleanrooms for a vast array of industries. For more than 40 years, American Cleanroom Systems has provided premium quality cleanroom services and customer service.\",\"email\":\"Info@AmericanCleanrooms.com\",\"telephone\":\"949.589.5656\",\"legalName\":\"American Cleanroom Systems\u00ae\"}]}<\/script>\n<!-- \/ Yoast SEO Premium plugin. -->","yoast_head_json":{"title":"Pharmaceutical Cleanroom | American Cleanroom Systems\u00ae","description":"American Cleanroom Systems modular cleanroom systems have been used by numerous pharmaceutical manufacturers for their CGMP FDA validation cleanrooms. Pharmaceutical filling rooms are typically class 100\/ISO5. See more of our cleanrooms projects.","robots":{"index":"index","follow":"follow","max-snippet":"max-snippet:-1","max-image-preview":"max-image-preview:large","max-video-preview":"max-video-preview:-1"},"canonical":"https:\/\/www.americancleanrooms.com\/es\/cuartos-limpios-farmaceuticos\/","og_locale":"es_MX","og_type":"article","og_title":"Pharmaceutical Cleanrooms","og_description":"American Cleanroom Systems modular cleanroom systems have been used by numerous pharmaceutical manufacturers for their CGMP FDA validation cleanrooms. Pharmaceutical filling rooms are typically class 100\/ISO5. See more of our cleanrooms projects.","og_url":"https:\/\/www.americancleanrooms.com\/es\/cuartos-limpios-farmaceuticos\/","og_site_name":"American Cleanroom Systems","article_publisher":"https:\/\/www.facebook.com\/people\/American-Cleanroom-Systems\/100063797160544\/","article_modified_time":"2026-03-19T20:49:50+00:00","og_image":[{"width":500,"height":500,"url":"https:\/\/www.americancleanrooms.com\/wp-content\/uploads\/2021\/05\/Softwall-Cleanrooms-featured-image.jpg","type":"image\/jpeg"}],"twitter_card":"summary_large_image","twitter_site":"@CleanroomsACS","schema":{"@context":"https:\/\/schema.org","@graph":[{"@type":"WebPage","@id":"https:\/\/www.americancleanrooms.com\/pharmaceutical-cleanrooms\/","url":"https:\/\/www.americancleanrooms.com\/pharmaceutical-cleanrooms\/","name":"Pharmaceutical Cleanroom | American Cleanroom Systems\u00ae","isPartOf":{"@id":"https:\/\/www.americancleanrooms.com\/#website"},"primaryImageOfPage":{"@id":"https:\/\/www.americancleanrooms.com\/pharmaceutical-cleanrooms\/#primaryimage"},"image":{"@id":"https:\/\/www.americancleanrooms.com\/pharmaceutical-cleanrooms\/#primaryimage"},"thumbnailUrl":"https:\/\/www.americancleanrooms.com\/wp-content\/uploads\/2021\/05\/Softwall-Cleanrooms-featured-image.jpg","datePublished":"2022-02-17T22:21:31+00:00","dateModified":"2026-03-19T20:49:50+00:00","description":"American Cleanroom Systems modular cleanroom systems have been used by numerous pharmaceutical manufacturers for their CGMP FDA validation cleanrooms. Pharmaceutical filling rooms are typically class 100\/ISO5. See more of our cleanrooms projects.","breadcrumb":{"@id":"https:\/\/www.americancleanrooms.com\/pharmaceutical-cleanrooms\/#breadcrumb"},"inLanguage":"es","potentialAction":[{"@type":"ReadAction","target":["https:\/\/www.americancleanrooms.com\/pharmaceutical-cleanrooms\/"]}]},{"@type":"ImageObject","inLanguage":"es","@id":"https:\/\/www.americancleanrooms.com\/pharmaceutical-cleanrooms\/#primaryimage","url":"https:\/\/www.americancleanrooms.com\/wp-content\/uploads\/2021\/05\/Softwall-Cleanrooms-featured-image.jpg","contentUrl":"https:\/\/www.americancleanrooms.com\/wp-content\/uploads\/2021\/05\/Softwall-Cleanrooms-featured-image.jpg","width":500,"height":500,"caption":"High bay hybrid cleanroom, 16 foot internal ceiling, 3 modular cleanroom walls, 1 softwall"},{"@type":"BreadcrumbList","@id":"https:\/\/www.americancleanrooms.com\/pharmaceutical-cleanrooms\/#breadcrumb","itemListElement":[{"@type":"ListItem","position":1,"name":"Home","item":"https:\/\/www.americancleanrooms.com\/"},{"@type":"ListItem","position":2,"name":"Pharmaceutical Cleanrooms"}]},{"@type":"WebSite","@id":"https:\/\/www.americancleanrooms.com\/#website","url":"https:\/\/www.americancleanrooms.com\/","name":"American Cleanroom Systems","description":"","publisher":{"@id":"https:\/\/www.americancleanrooms.com\/#organization"},"potentialAction":[{"@type":"SearchAction","target":{"@type":"EntryPoint","urlTemplate":"https:\/\/www.americancleanrooms.com\/?s={search_term_string}"},"query-input":{"@type":"PropertyValueSpecification","valueRequired":true,"valueName":"search_term_string"}}],"inLanguage":"es"},{"@type":"Organization","@id":"https:\/\/www.americancleanrooms.com\/#organization","name":"American Cleanroom Systems","url":"https:\/\/www.americancleanrooms.com\/","logo":{"@type":"ImageObject","inLanguage":"es","@id":"https:\/\/www.americancleanrooms.com\/#\/schema\/logo\/image\/","url":"https:\/\/www.americancleanrooms.com\/wp-content\/uploads\/2026\/03\/schema-logo.png","contentUrl":"https:\/\/www.americancleanrooms.com\/wp-content\/uploads\/2026\/03\/schema-logo.png","width":112,"height":112,"caption":"American Cleanroom Systems"},"image":{"@id":"https:\/\/www.americancleanrooms.com\/#\/schema\/logo\/image\/"},"sameAs":["https:\/\/www.facebook.com\/people\/American-Cleanroom-Systems\/100063797160544\/","https:\/\/x.com\/CleanroomsACS","https:\/\/www.linkedin.com\/company\/american-cleanroom-systems\/","https:\/\/www.youtube.com\/channel\/UCsonjp4qkAjEhUFhYJttmHg","https:\/\/www.tiktok.com\/@cleanroomssystemamerican"],"description":"American Cleanroom Systems\u00ae es un equipo certificado de expertos, que se especializa en la fabricaci\u00f3n y el dise\u00f1o de cuarto limpios modulares de Clase 100 a Clase 100,000 para una amplia gama de industrias. Durante m\u00e1s de 40 a\u00f1os, American Cleanroom Systems ha brindado servicios de cuarto limpio y servicio al cliente de primera calidad.","email":"Info@AmericanCleanrooms.com","telephone":"949.589.5656","legalName":"American Cleanroom Systems\u00ae"}]}},"_links":{"self":[{"href":"https:\/\/www.americancleanrooms.com\/es\/wp-json\/wp\/v2\/pages\/9140","targetHints":{"allow":["GET"]}}],"collection":[{"href":"https:\/\/www.americancleanrooms.com\/es\/wp-json\/wp\/v2\/pages"}],"about":[{"href":"https:\/\/www.americancleanrooms.com\/es\/wp-json\/wp\/v2\/types\/page"}],"author":[{"embeddable":true,"href":"https:\/\/www.americancleanrooms.com\/es\/wp-json\/wp\/v2\/users\/3"}],"replies":[{"embeddable":true,"href":"https:\/\/www.americancleanrooms.com\/es\/wp-json\/wp\/v2\/comments?post=9140"}],"version-history":[{"count":0,"href":"https:\/\/www.americancleanrooms.com\/es\/wp-json\/wp\/v2\/pages\/9140\/revisions"}],"wp:featuredmedia":[{"embeddable":true,"href":"https:\/\/www.americancleanrooms.com\/es\/wp-json\/wp\/v2\/media\/8712"}],"wp:attachment":[{"href":"https:\/\/www.americancleanrooms.com\/es\/wp-json\/wp\/v2\/media?parent=9140"}],"wp:term":[{"taxonomy":"category","embeddable":true,"href":"https:\/\/www.americancleanrooms.com\/es\/wp-json\/wp\/v2\/categories?post=9140"},{"taxonomy":"cleanroom-knowledge-center","embeddable":true,"href":"https:\/\/www.americancleanrooms.com\/es\/wp-json\/wp\/v2\/cleanroom-knowledge-center?post=9140"}],"curies":[{"name":"wp","href":"https:\/\/api.w.org\/{rel}","templated":true}]}}