{"id":9966,"date":"2023-02-03T14:55:30","date_gmt":"2023-02-03T22:55:30","guid":{"rendered":"https:\/\/www.americancleanrooms.com\/?page_id=9966"},"modified":"2026-03-19T13:04:57","modified_gmt":"2026-03-19T20:04:57","slug":"cleanroom-product-testing","status":"publish","type":"page","link":"https:\/\/www.americancleanrooms.com\/es\/cleanroom-product-testing\/","title":{"rendered":"Pruebas de producto para cuarto limpio"},"content":{"rendered":"<p>American Cleanroom Systems ofrece pruebas de productos para cuartos limpios.<\/p>\n<p>Nuestros expertos en cuartos limpios:<\/p>\n<p>Revisan el material del producto para cuartos limpios para determinar si es adecuado para su uso en cuartos limpios.<br \/>\nRevisan el procedimiento de montaje del cuarto limpio para determinar si es adecuado para su uso en el cuarto limpio.<br \/>\nRevisan el producto terminado para comprobar su idoneidad para su uso en cuartos limpios.<br \/>\nRealizan la prueba de part\u00edculas en reposo del producto en el cuarto limpio.<br \/>\nRealizan pruebas de part\u00edculas en uso del producto en cuarto limpio.<\/p>\n<p>El informe de certificaci\u00f3n del producto de cuarto limpio incluir\u00e1 resultados de an\u00e1lisis, datos de pruebas de part\u00edculas y certificaci\u00f3n de la clasificaci\u00f3n de cuarto limpio (ISO14644-1\/Fed Std 209E) para la que es adecuado el producto probado.<\/p>\n<p>Pruebas de resistencia qu\u00edmica\/humedad no incluidas. Validaci\u00f3n FDA no incluida.<\/p>\n<p>To request a cleanroom product test quote contact\u00a0\u00a0anthony@americancleanrooms.com\u00a0or call 949-589-5656.<\/p>","protected":false},"excerpt":{"rendered":"<p>American Cleanroom Systems offers cleanroom product testing. Our cleanroom experts will: Review cleanroom product material for suitability of use in cleanroom. Review cleanroom assembly procedure for suitability of use in cleanroom. Review finished product for suitability in use in cleanroom. Perform at rest particle test of product in cleanroom. Perform in use particle test of [&hellip;]<\/p>\n","protected":false},"author":3,"featured_media":0,"parent":0,"menu_order":0,"comment_status":"closed","ping_status":"closed","template":"","meta":{"footnotes":""},"categories":[],"cleanroom-knowledge-center":[],"class_list":["post-9966","page","type-page","status-publish","hentry"],"yoast_head":"<!-- This site is optimized with the Yoast SEO Premium plugin v27.5 (Yoast SEO v27.5) - https:\/\/yoast.com\/product\/yoast-seo-premium-wordpress\/ -->\n<title>Cleanroom Product Testing | American Cleanroom Systems<\/title>\n<meta name=\"description\" content=\"The cleanroom product certification report will include analysis results, particle test data, and certification of what cleanroom classification the tested product is suitable for. Contact us to learn more.\" \/>\n<meta name=\"robots\" content=\"index, follow, max-snippet:-1, max-image-preview:large, max-video-preview:-1\" \/>\n<link rel=\"canonical\" href=\"https:\/\/www.americancleanrooms.com\/es\/cleanroom-product-testing\/\" \/>\n<meta property=\"og:locale\" content=\"es_MX\" \/>\n<meta property=\"og:type\" content=\"article\" \/>\n<meta property=\"og:title\" content=\"Cleanroom Product Testing\" \/>\n<meta property=\"og:description\" content=\"The cleanroom product certification report will include analysis results, particle test data, and certification of what cleanroom classification the tested product is suitable for. Contact us to learn more.\" \/>\n<meta property=\"og:url\" content=\"https:\/\/www.americancleanrooms.com\/es\/cleanroom-product-testing\/\" \/>\n<meta property=\"og:site_name\" content=\"American Cleanroom Systems\" \/>\n<meta property=\"article:publisher\" content=\"https:\/\/www.facebook.com\/people\/American-Cleanroom-Systems\/100063797160544\/\" \/>\n<meta property=\"article:modified_time\" content=\"2026-03-19T20:04:57+00:00\" \/>\n<meta name=\"twitter:card\" content=\"summary_large_image\" \/>\n<meta name=\"twitter:site\" content=\"@CleanroomsACS\" \/>\n<script type=\"application\/ld+json\" class=\"yoast-schema-graph\">{\"@context\":\"https:\\\/\\\/schema.org\",\"@graph\":[{\"@type\":\"WebPage\",\"@id\":\"https:\\\/\\\/www.americancleanrooms.com\\\/cleanroom-product-testing\\\/\",\"url\":\"https:\\\/\\\/www.americancleanrooms.com\\\/cleanroom-product-testing\\\/\",\"name\":\"Cleanroom Product Testing | American Cleanroom Systems\",\"isPartOf\":{\"@id\":\"https:\\\/\\\/www.americancleanrooms.com\\\/#website\"},\"datePublished\":\"2023-02-03T22:55:30+00:00\",\"dateModified\":\"2026-03-19T20:04:57+00:00\",\"description\":\"The cleanroom product certification report will include analysis results, particle test data, and certification of what cleanroom classification the tested product is suitable for. Contact us to learn more.\",\"breadcrumb\":{\"@id\":\"https:\\\/\\\/www.americancleanrooms.com\\\/cleanroom-product-testing\\\/#breadcrumb\"},\"inLanguage\":\"es\",\"potentialAction\":[{\"@type\":\"ReadAction\",\"target\":[\"https:\\\/\\\/www.americancleanrooms.com\\\/cleanroom-product-testing\\\/\"]}]},{\"@type\":\"BreadcrumbList\",\"@id\":\"https:\\\/\\\/www.americancleanrooms.com\\\/cleanroom-product-testing\\\/#breadcrumb\",\"itemListElement\":[{\"@type\":\"ListItem\",\"position\":1,\"name\":\"Home\",\"item\":\"https:\\\/\\\/www.americancleanrooms.com\\\/\"},{\"@type\":\"ListItem\",\"position\":2,\"name\":\"Cleanroom Product Testing\"}]},{\"@type\":\"WebSite\",\"@id\":\"https:\\\/\\\/www.americancleanrooms.com\\\/#website\",\"url\":\"https:\\\/\\\/www.americancleanrooms.com\\\/\",\"name\":\"American Cleanroom Systems\",\"description\":\"\",\"publisher\":{\"@id\":\"https:\\\/\\\/www.americancleanrooms.com\\\/#organization\"},\"potentialAction\":[{\"@type\":\"SearchAction\",\"target\":{\"@type\":\"EntryPoint\",\"urlTemplate\":\"https:\\\/\\\/www.americancleanrooms.com\\\/?s={search_term_string}\"},\"query-input\":{\"@type\":\"PropertyValueSpecification\",\"valueRequired\":true,\"valueName\":\"search_term_string\"}}],\"inLanguage\":\"es\"},{\"@type\":\"Organization\",\"@id\":\"https:\\\/\\\/www.americancleanrooms.com\\\/#organization\",\"name\":\"American Cleanroom Systems\",\"url\":\"https:\\\/\\\/www.americancleanrooms.com\\\/\",\"logo\":{\"@type\":\"ImageObject\",\"inLanguage\":\"es\",\"@id\":\"https:\\\/\\\/www.americancleanrooms.com\\\/#\\\/schema\\\/logo\\\/image\\\/\",\"url\":\"https:\\\/\\\/www.americancleanrooms.com\\\/wp-content\\\/uploads\\\/2026\\\/03\\\/schema-logo.png\",\"contentUrl\":\"https:\\\/\\\/www.americancleanrooms.com\\\/wp-content\\\/uploads\\\/2026\\\/03\\\/schema-logo.png\",\"width\":112,\"height\":112,\"caption\":\"American Cleanroom Systems\"},\"image\":{\"@id\":\"https:\\\/\\\/www.americancleanrooms.com\\\/#\\\/schema\\\/logo\\\/image\\\/\"},\"sameAs\":[\"https:\\\/\\\/www.facebook.com\\\/people\\\/American-Cleanroom-Systems\\\/100063797160544\\\/\",\"https:\\\/\\\/x.com\\\/CleanroomsACS\",\"https:\\\/\\\/www.linkedin.com\\\/company\\\/american-cleanroom-systems\\\/\",\"https:\\\/\\\/www.youtube.com\\\/channel\\\/UCsonjp4qkAjEhUFhYJttmHg\",\"https:\\\/\\\/www.tiktok.com\\\/@cleanroomssystemamerican\"],\"description\":\"American Cleanroom Systems\u00ae is a certified team of experts, specializing in the manufacturing and design of Class 100 to Class 100,000 modular cleanrooms for a vast array of industries. For more than 40 years, American Cleanroom Systems has provided premium quality cleanroom services and customer service.\",\"email\":\"Info@AmericanCleanrooms.com\",\"telephone\":\"949.589.5656\",\"legalName\":\"American Cleanroom Systems\u00ae\"}]}<\/script>\n<!-- \/ Yoast SEO Premium plugin. -->","yoast_head_json":{"title":"Cleanroom Product Testing | American Cleanroom Systems","description":"The cleanroom product certification report will include analysis results, particle test data, and certification of what cleanroom classification the tested product is suitable for. Contact us to learn more.","robots":{"index":"index","follow":"follow","max-snippet":"max-snippet:-1","max-image-preview":"max-image-preview:large","max-video-preview":"max-video-preview:-1"},"canonical":"https:\/\/www.americancleanrooms.com\/es\/cleanroom-product-testing\/","og_locale":"es_MX","og_type":"article","og_title":"Cleanroom Product Testing","og_description":"The cleanroom product certification report will include analysis results, particle test data, and certification of what cleanroom classification the tested product is suitable for. Contact us to learn more.","og_url":"https:\/\/www.americancleanrooms.com\/es\/cleanroom-product-testing\/","og_site_name":"American Cleanroom Systems","article_publisher":"https:\/\/www.facebook.com\/people\/American-Cleanroom-Systems\/100063797160544\/","article_modified_time":"2026-03-19T20:04:57+00:00","twitter_card":"summary_large_image","twitter_site":"@CleanroomsACS","schema":{"@context":"https:\/\/schema.org","@graph":[{"@type":"WebPage","@id":"https:\/\/www.americancleanrooms.com\/cleanroom-product-testing\/","url":"https:\/\/www.americancleanrooms.com\/cleanroom-product-testing\/","name":"Cleanroom Product Testing | American Cleanroom Systems","isPartOf":{"@id":"https:\/\/www.americancleanrooms.com\/#website"},"datePublished":"2023-02-03T22:55:30+00:00","dateModified":"2026-03-19T20:04:57+00:00","description":"The cleanroom product certification report will include analysis results, particle test data, and certification of what cleanroom classification the tested product is suitable for. Contact us to learn more.","breadcrumb":{"@id":"https:\/\/www.americancleanrooms.com\/cleanroom-product-testing\/#breadcrumb"},"inLanguage":"es","potentialAction":[{"@type":"ReadAction","target":["https:\/\/www.americancleanrooms.com\/cleanroom-product-testing\/"]}]},{"@type":"BreadcrumbList","@id":"https:\/\/www.americancleanrooms.com\/cleanroom-product-testing\/#breadcrumb","itemListElement":[{"@type":"ListItem","position":1,"name":"Home","item":"https:\/\/www.americancleanrooms.com\/"},{"@type":"ListItem","position":2,"name":"Cleanroom Product Testing"}]},{"@type":"WebSite","@id":"https:\/\/www.americancleanrooms.com\/#website","url":"https:\/\/www.americancleanrooms.com\/","name":"American Cleanroom Systems","description":"","publisher":{"@id":"https:\/\/www.americancleanrooms.com\/#organization"},"potentialAction":[{"@type":"SearchAction","target":{"@type":"EntryPoint","urlTemplate":"https:\/\/www.americancleanrooms.com\/?s={search_term_string}"},"query-input":{"@type":"PropertyValueSpecification","valueRequired":true,"valueName":"search_term_string"}}],"inLanguage":"es"},{"@type":"Organization","@id":"https:\/\/www.americancleanrooms.com\/#organization","name":"American Cleanroom Systems","url":"https:\/\/www.americancleanrooms.com\/","logo":{"@type":"ImageObject","inLanguage":"es","@id":"https:\/\/www.americancleanrooms.com\/#\/schema\/logo\/image\/","url":"https:\/\/www.americancleanrooms.com\/wp-content\/uploads\/2026\/03\/schema-logo.png","contentUrl":"https:\/\/www.americancleanrooms.com\/wp-content\/uploads\/2026\/03\/schema-logo.png","width":112,"height":112,"caption":"American Cleanroom Systems"},"image":{"@id":"https:\/\/www.americancleanrooms.com\/#\/schema\/logo\/image\/"},"sameAs":["https:\/\/www.facebook.com\/people\/American-Cleanroom-Systems\/100063797160544\/","https:\/\/x.com\/CleanroomsACS","https:\/\/www.linkedin.com\/company\/american-cleanroom-systems\/","https:\/\/www.youtube.com\/channel\/UCsonjp4qkAjEhUFhYJttmHg","https:\/\/www.tiktok.com\/@cleanroomssystemamerican"],"description":"American Cleanroom Systems\u00ae es un equipo certificado de expertos, que se especializa en la fabricaci\u00f3n y el dise\u00f1o de cuarto limpios modulares de Clase 100 a Clase 100,000 para una amplia gama de industrias. Durante m\u00e1s de 40 a\u00f1os, American Cleanroom Systems ha brindado servicios de cuarto limpio y servicio al cliente de primera calidad.","email":"Info@AmericanCleanrooms.com","telephone":"949.589.5656","legalName":"American Cleanroom Systems\u00ae"}]}},"_links":{"self":[{"href":"https:\/\/www.americancleanrooms.com\/es\/wp-json\/wp\/v2\/pages\/9966","targetHints":{"allow":["GET"]}}],"collection":[{"href":"https:\/\/www.americancleanrooms.com\/es\/wp-json\/wp\/v2\/pages"}],"about":[{"href":"https:\/\/www.americancleanrooms.com\/es\/wp-json\/wp\/v2\/types\/page"}],"author":[{"embeddable":true,"href":"https:\/\/www.americancleanrooms.com\/es\/wp-json\/wp\/v2\/users\/3"}],"replies":[{"embeddable":true,"href":"https:\/\/www.americancleanrooms.com\/es\/wp-json\/wp\/v2\/comments?post=9966"}],"version-history":[{"count":0,"href":"https:\/\/www.americancleanrooms.com\/es\/wp-json\/wp\/v2\/pages\/9966\/revisions"}],"wp:attachment":[{"href":"https:\/\/www.americancleanrooms.com\/es\/wp-json\/wp\/v2\/media?parent=9966"}],"wp:term":[{"taxonomy":"category","embeddable":true,"href":"https:\/\/www.americancleanrooms.com\/es\/wp-json\/wp\/v2\/categories?post=9966"},{"taxonomy":"cleanroom-knowledge-center","embeddable":true,"href":"https:\/\/www.americancleanrooms.com\/es\/wp-json\/wp\/v2\/cleanroom-knowledge-center?post=9966"}],"curies":[{"name":"wp","href":"https:\/\/api.w.org\/{rel}","templated":true}]}}